{"id":7648,"date":"2017-12-19T07:56:25","date_gmt":"2017-12-19T06:56:25","guid":{"rendered":"https:\/\/swissdataprotectionlaw.ch\/?page_id=7648"},"modified":"2023-08-03T11:00:47","modified_gmt":"2023-08-03T09:00:47","slug":"datenschutz-folgenabschaetzung-privacy-impact-assessment","status":"publish","type":"page","link":"https:\/\/swissdataprotectionlaw.ch\/en\/besondere-themen\/datenschutz-folgenabschaetzung-privacy-impact-assessment\/","title":{"rendered":"Data Protection Impact Assessment \/ Privacy Impact Assessment"},"content":{"rendered":"<section class=\"l-section wpb_row height_medium\"><div class=\"l-section-h i-cf\"><div class=\"g-cols vc_row via_grid cols_1 laptops-cols_inherit tablets-cols_inherit mobiles-cols_1 valign_top type_default stacking_default\"><div class=\"wpb_column vc_column_container\"><div class=\"vc_column-inner\"><div class=\"wpb_text_column\"><div class=\"wpb_wrapper\"><h1 style=\"text-align: center;\">Data Protection Impact Assessment<\/h1>\n<h1 style=\"text-align: center;\">Privacy Impact Assessment<\/h1>\n<\/div><\/div><div class=\"w-separator size_custom\" style=\"height:32px\"><\/div><div class=\"wpb_text_column\"><div class=\"wpb_wrapper\"><p>This instrument has been newly introduced in the EU by the GDPR. A Data Protection Impact Assessment has to be executed whenever a type of processing, in particular using new technologies, due to its nature, scope, context and purposes is likely to result in a high risk to the rights and freedoms of natural persons.<\/p>\n<\/div><\/div><div class=\"w-separator size_custom\" style=\"height:32px\"><\/div><\/div><\/div><\/div><\/div><\/section>\n","protected":false},"excerpt":{"rendered":"{:de}Datenschutz-Folgenab&amp;shy;sch\u00e4tzung (&#8220;Privacy Impact Assessment&#8221;) Dieses Instrument ist mit der DSGVO neu auf EU-Ebene eingef\u00fchrt worden. Eine Datenschutz-Folgenabsch\u00e4tzung ist grunds\u00e4tzlich immer dann durchzuf\u00fchren, wenn eine Form der Bearbeitung, insbesondere bei Verwendung neuer Technologien, aufgrund der Art, des Umfangs, der Umst\u00e4nde und der Zwecke der Bearbeitung voraussichtlich ein hohes Risiko f\u00fcr die pers\u00f6nlichen Rechte und Freiheiten der...","protected":false},"author":4,"featured_media":0,"parent":7142,"menu_order":0,"comment_status":"closed","ping_status":"closed","template":"","meta":[],"translation":{"provider":"WPGlobus","version":"2.12.2","language":"en","enabled_languages":["de","en"],"languages":{"de":{"title":true,"content":true,"excerpt":false},"en":{"title":true,"content":true,"excerpt":false}}},"yoast_head":"<!-- This site is optimized with the Yoast SEO plugin v20.12 - https:\/\/yoast.com\/wordpress\/plugins\/seo\/ -->\n<title>Data Protection Impact Assessment \/ Privacy Impact Assessment - Swissdataprotectionlaw<\/title>\n<meta name=\"robots\" content=\"index, follow, max-snippet:-1, max-image-preview:large, max-video-preview:-1\" \/>\n<link rel=\"canonical\" href=\"https:\/\/swissdataprotectionlaw.ch\/besondere-themen\/datenschutz-folgenabschaetzung-privacy-impact-assessment\/\" \/>\n<meta property=\"og:locale\" content=\"en_US\" \/>\n<meta property=\"og:type\" content=\"article\" \/>\n<meta property=\"og:title\" content=\"Data Protection Impact Assessment \/ Privacy Impact Assessment - Swissdataprotectionlaw\" \/>\n<meta property=\"og:url\" content=\"https:\/\/swissdataprotectionlaw.ch\/besondere-themen\/datenschutz-folgenabschaetzung-privacy-impact-assessment\/\" \/>\n<meta property=\"og:site_name\" content=\"Swissdataprotectionlaw\" \/>\n<meta property=\"article:modified_time\" content=\"2023-08-03T09:00:47+00:00\" \/>\n<meta property=\"og:image\" content=\"https:\/\/swissdataprotectionlaw.ch\/wp-content\/uploads\/2021\/06\/Dataprotectionlaw1.png\" \/>\n\t<meta property=\"og:image:width\" content=\"2746\" \/>\n\t<meta property=\"og:image:height\" content=\"2746\" \/>\n\t<meta property=\"og:image:type\" content=\"image\/png\" \/>\n<meta name=\"twitter:card\" content=\"summary_large_image\" \/>\n<meta name=\"twitter:label1\" content=\"Est. reading time\" \/>\n\t<meta name=\"twitter:data1\" content=\"1 minute\" \/>\n<script type=\"application\/ld+json\" class=\"yoast-schema-graph\">{\"@context\":\"https:\/\/schema.org\",\"@graph\":[{\"@type\":\"WebPage\",\"@id\":\"https:\/\/swissdataprotectionlaw.ch\/besondere-themen\/datenschutz-folgenabschaetzung-privacy-impact-assessment\/\",\"url\":\"https:\/\/swissdataprotectionlaw.ch\/besondere-themen\/datenschutz-folgenabschaetzung-privacy-impact-assessment\/\",\"name\":\"Data Protection Impact Assessment \/ Privacy Impact Assessment - Swissdataprotectionlaw\",\"isPartOf\":{\"@id\":\"https:\/\/swissdataprotectionlaw.ch\/#website\"},\"datePublished\":\"2017-12-19T06:56:25+00:00\",\"dateModified\":\"2023-08-03T09:00:47+00:00\",\"breadcrumb\":{\"@id\":\"https:\/\/swissdataprotectionlaw.ch\/besondere-themen\/datenschutz-folgenabschaetzung-privacy-impact-assessment\/#breadcrumb\"},\"inLanguage\":\"en-US\",\"potentialAction\":[{\"@type\":\"ReadAction\",\"target\":[\"https:\/\/swissdataprotectionlaw.ch\/besondere-themen\/datenschutz-folgenabschaetzung-privacy-impact-assessment\/\"]}]},{\"@type\":\"BreadcrumbList\",\"@id\":\"https:\/\/swissdataprotectionlaw.ch\/besondere-themen\/datenschutz-folgenabschaetzung-privacy-impact-assessment\/#breadcrumb\",\"itemListElement\":[{\"@type\":\"ListItem\",\"position\":1,\"name\":\"Startseite\",\"item\":\"https:\/\/swissdataprotectionlaw.ch\/\"},{\"@type\":\"ListItem\",\"position\":2,\"name\":\"Besondere Themen\",\"item\":\"https:\/\/swissdataprotectionlaw.ch\/besondere-themen\/\"},{\"@type\":\"ListItem\",\"position\":3,\"name\":\"Datenschutz-Folgen\u00adab\u00ad\u00adsch\u00e4tzung (&#8220;Privacy Impact Assessment&#8221;)\"}]},{\"@type\":\"WebSite\",\"@id\":\"https:\/\/swissdataprotectionlaw.ch\/#website\",\"url\":\"https:\/\/swissdataprotectionlaw.ch\/\",\"name\":\"Swissdataprotectionlaw\",\"description\":\"\",\"publisher\":{\"@id\":\"https:\/\/swissdataprotectionlaw.ch\/#organization\"},\"potentialAction\":[{\"@type\":\"SearchAction\",\"target\":{\"@type\":\"EntryPoint\",\"urlTemplate\":\"https:\/\/swissdataprotectionlaw.ch\/?s={search_term_string}\"},\"query-input\":\"required name=search_term_string\"}],\"inLanguage\":\"en-US\"},{\"@type\":\"Organization\",\"@id\":\"https:\/\/swissdataprotectionlaw.ch\/#organization\",\"name\":\"Swissdataprotectionlaw\",\"url\":\"https:\/\/swissdataprotectionlaw.ch\/\",\"logo\":{\"@type\":\"ImageObject\",\"inLanguage\":\"en-US\",\"@id\":\"https:\/\/swissdataprotectionlaw.ch\/#\/schema\/logo\/image\/\",\"url\":\"https:\/\/swissdataprotectionlaw.ch\/wp-content\/uploads\/2017\/12\/Dataprotectionlaw.jpg\",\"contentUrl\":\"https:\/\/swissdataprotectionlaw.ch\/wp-content\/uploads\/2017\/12\/Dataprotectionlaw.jpg\",\"width\":336,\"height\":23,\"caption\":\"Swissdataprotectionlaw\"},\"image\":{\"@id\":\"https:\/\/swissdataprotectionlaw.ch\/#\/schema\/logo\/image\/\"}}]}<\/script>\n<!-- \/ Yoast SEO plugin. -->","yoast_head_json":{"title":"Data Protection Impact Assessment \/ Privacy Impact Assessment - Swissdataprotectionlaw","robots":{"index":"index","follow":"follow","max-snippet":"max-snippet:-1","max-image-preview":"max-image-preview:large","max-video-preview":"max-video-preview:-1"},"canonical":"https:\/\/swissdataprotectionlaw.ch\/besondere-themen\/datenschutz-folgenabschaetzung-privacy-impact-assessment\/","og_locale":"en_US","og_type":"article","og_title":"Data Protection Impact Assessment \/ Privacy Impact Assessment - Swissdataprotectionlaw","og_url":"https:\/\/swissdataprotectionlaw.ch\/besondere-themen\/datenschutz-folgenabschaetzung-privacy-impact-assessment\/","og_site_name":"Swissdataprotectionlaw","article_modified_time":"2023-08-03T09:00:47+00:00","og_image":[{"width":2746,"height":2746,"url":"https:\/\/swissdataprotectionlaw.ch\/wp-content\/uploads\/2021\/06\/Dataprotectionlaw1.png","type":"image\/png"}],"twitter_card":"summary_large_image","twitter_misc":{"Est. reading time":"1 minute"},"schema":{"@context":"https:\/\/schema.org","@graph":[{"@type":"WebPage","@id":"https:\/\/swissdataprotectionlaw.ch\/besondere-themen\/datenschutz-folgenabschaetzung-privacy-impact-assessment\/","url":"https:\/\/swissdataprotectionlaw.ch\/besondere-themen\/datenschutz-folgenabschaetzung-privacy-impact-assessment\/","name":"Data Protection Impact Assessment \/ Privacy Impact Assessment - Swissdataprotectionlaw","isPartOf":{"@id":"https:\/\/swissdataprotectionlaw.ch\/#website"},"datePublished":"2017-12-19T06:56:25+00:00","dateModified":"2023-08-03T09:00:47+00:00","breadcrumb":{"@id":"https:\/\/swissdataprotectionlaw.ch\/besondere-themen\/datenschutz-folgenabschaetzung-privacy-impact-assessment\/#breadcrumb"},"inLanguage":"en-US","potentialAction":[{"@type":"ReadAction","target":["https:\/\/swissdataprotectionlaw.ch\/besondere-themen\/datenschutz-folgenabschaetzung-privacy-impact-assessment\/"]}]},{"@type":"BreadcrumbList","@id":"https:\/\/swissdataprotectionlaw.ch\/besondere-themen\/datenschutz-folgenabschaetzung-privacy-impact-assessment\/#breadcrumb","itemListElement":[{"@type":"ListItem","position":1,"name":"Startseite","item":"https:\/\/swissdataprotectionlaw.ch\/"},{"@type":"ListItem","position":2,"name":"Besondere Themen","item":"https:\/\/swissdataprotectionlaw.ch\/besondere-themen\/"},{"@type":"ListItem","position":3,"name":"Datenschutz-Folgen\u00adab\u00ad\u00adsch\u00e4tzung (&#8220;Privacy Impact Assessment&#8221;)"}]},{"@type":"WebSite","@id":"https:\/\/swissdataprotectionlaw.ch\/#website","url":"https:\/\/swissdataprotectionlaw.ch\/","name":"Swissdataprotectionlaw","description":"","publisher":{"@id":"https:\/\/swissdataprotectionlaw.ch\/#organization"},"potentialAction":[{"@type":"SearchAction","target":{"@type":"EntryPoint","urlTemplate":"https:\/\/swissdataprotectionlaw.ch\/?s={search_term_string}"},"query-input":"required name=search_term_string"}],"inLanguage":"en-US"},{"@type":"Organization","@id":"https:\/\/swissdataprotectionlaw.ch\/#organization","name":"Swissdataprotectionlaw","url":"https:\/\/swissdataprotectionlaw.ch\/","logo":{"@type":"ImageObject","inLanguage":"en-US","@id":"https:\/\/swissdataprotectionlaw.ch\/#\/schema\/logo\/image\/","url":"https:\/\/swissdataprotectionlaw.ch\/wp-content\/uploads\/2017\/12\/Dataprotectionlaw.jpg","contentUrl":"https:\/\/swissdataprotectionlaw.ch\/wp-content\/uploads\/2017\/12\/Dataprotectionlaw.jpg","width":336,"height":23,"caption":"Swissdataprotectionlaw"},"image":{"@id":"https:\/\/swissdataprotectionlaw.ch\/#\/schema\/logo\/image\/"}}]}},"_links":{"self":[{"href":"https:\/\/swissdataprotectionlaw.ch\/en\/wp-json\/wp\/v2\/pages\/7648"}],"collection":[{"href":"https:\/\/swissdataprotectionlaw.ch\/en\/wp-json\/wp\/v2\/pages"}],"about":[{"href":"https:\/\/swissdataprotectionlaw.ch\/en\/wp-json\/wp\/v2\/types\/page"}],"author":[{"embeddable":true,"href":"https:\/\/swissdataprotectionlaw.ch\/en\/wp-json\/wp\/v2\/users\/4"}],"replies":[{"embeddable":true,"href":"https:\/\/swissdataprotectionlaw.ch\/en\/wp-json\/wp\/v2\/comments?post=7648"}],"version-history":[{"count":9,"href":"https:\/\/swissdataprotectionlaw.ch\/en\/wp-json\/wp\/v2\/pages\/7648\/revisions"}],"predecessor-version":[{"id":8274,"href":"https:\/\/swissdataprotectionlaw.ch\/en\/wp-json\/wp\/v2\/pages\/7648\/revisions\/8274"}],"up":[{"embeddable":true,"href":"https:\/\/swissdataprotectionlaw.ch\/en\/wp-json\/wp\/v2\/pages\/7142"}],"wp:attachment":[{"href":"https:\/\/swissdataprotectionlaw.ch\/en\/wp-json\/wp\/v2\/media?parent=7648"}],"curies":[{"name":"wp","href":"https:\/\/api.w.org\/{rel}","templated":true}]}}