{"id":7256,"date":"2017-12-08T09:51:38","date_gmt":"2017-12-08T08:51:38","guid":{"rendered":"https:\/\/swissdataprotectionlaw.ch\/\/?page_id=7256"},"modified":"2023-08-03T11:00:47","modified_gmt":"2023-08-03T09:00:47","slug":"anlaesse","status":"publish","type":"page","link":"https:\/\/swissdataprotectionlaw.ch\/en\/anlaesse\/","title":{"rendered":"Anl\u00e4sse"},"content":{"rendered":"<section class=\"l-section wpb_row height_medium\"><div class=\"l-section-h i-cf\"><div class=\"g-cols vc_row via_grid cols_1 laptops-cols_inherit tablets-cols_inherit mobiles-cols_1 valign_top type_default stacking_default\"><div class=\"wpb_column vc_column_container\"><div class=\"vc_column-inner\"><div class=\"wpb_text_column\"><div class=\"wpb_wrapper\"><h1 style=\"text-align: center;\">Upcoming events<\/h1>\n<\/div><\/div><div class=\"w-separator size_custom\" style=\"height:32px\"><\/div><div class=\"wpb_text_column\"><div class=\"wpb_wrapper\"><div id=\"vsel\" class=\"vsel-shortcode vsel-shortcode-upcoming-events\"><p class=\"vsel-no-events\">There are no upcoming events.<\/p><\/div>\n<\/div><\/div><div class=\"w-separator size_custom\" style=\"height:32px\"><\/div><div class=\"wpb_text_column\"><div class=\"wpb_wrapper\"><h1 style=\"text-align: center;\">Past events<\/h1>\n<\/div><\/div><div class=\"w-separator size_custom\" style=\"height:32px\"><\/div><div class=\"wpb_text_column\"><div class=\"wpb_wrapper\"><div id=\"vsel\" class=\"vsel-shortcode vsel-shortcode-past-events\"><div id=\"event-8221\" class=\"vsel-content datenschutz-im-arbeitsrecht dsg-revision ueberwachung vsel-past\"><div class=\"vsel-meta vsel-meta-left\" style=\"width:36%;\"><h3 class=\"vsel-meta-title\"><a href=\"https:\/\/swissdataprotectionlaw.ch\/en\/event\/best_practice_nov22\/\" rel=\"bookmark\" title=\"Best Practice &#8211; Das Schweizer Datenschutzgesetz\">Best Practice &#8211; Das Schweizer Datenschutzgesetz<\/a><\/h3><div class=\"vsel-meta-date vsel-meta-single-date\">Date: <span>10. November 2022<\/span><\/div><div class=\"vsel-meta-location\">Location: <span>Hotel Hilton Zurich Airport, Opfikon Glattbrugg<\/span><\/div><div class=\"vsel-meta-link\"><a href=\"https:\/\/events.frzh.ch\/seminare\/event.php?vnr=21a-10a\" rel=\"noopener noreferrer\" target=\"_blank\" rel=\"noreferrer noopener\" title=\"https:\/\/events.frzh.ch\/seminare\/event.php?vnr=21a-10a\">Weitere Informationen und Anmeldung<\/a><\/div><div class=\"vsel-meta-cats\">Datenschutz im Arbeitsrecht | DSG-Revision | \u00dcberwachung<\/div><\/div><div class=\"vsel-image-info vsel-image-info-right\" style=\"width:60%;\"><div class=\"vsel-info\"><p>Betrieblicher Datenschutz und Datensicherheit spielen im Unternehmen eine wichtige Rolle. Die Schweiz bekommt ein neues Gesetz f\u00fcr den besseren Schutz der Daten ihrer Bev\u00f6lkerung.<\/p>\n<p style=\"margin: 0cm; margin-bottom: .0001pt; background: white;\"><span style=\"font-family: 'Arial',sans-serif; color: #595959;\">Unternehmen m\u00fcssen in Zukunft versch\u00e4rfte Regeln beachten \u2013 und sollten daher ihre bestehenden Richtlinien und Datenschutzerkl\u00e4rungen bis zum voraussichtlichen Inkrafttreten am 1. September 2023 anpassen. <a href=\"https:\/\/www.probstpartner.ch\/team\/michael-widmer\" target=\"_blank\" rel=\"noopener\">Michael Widmer<\/a> und <a href=\"https:\/\/www.probstpartner.ch\/team\/julia-bhend\" target=\"_blank\" rel=\"noopener\">Julia Bhend<\/a> werden in diesem Praxisseminar die wesentlichen Pflichten unter dem k\u00fcnftigen Datenschutzrecht erl\u00e4utern und praktische Hilfestellungen f\u00fcr die Umsetzung in Unternehmen bieten.<\/span><\/p>\n<\/div><\/div><\/div><div id=\"event-8157\" class=\"vsel-content datenschutz-im-arbeitsrecht dsg-revision ueberwachung vsel-past\"><div class=\"vsel-meta vsel-meta-left\" style=\"width:36%;\"><h3 class=\"vsel-meta-title\"><a href=\"https:\/\/swissdataprotectionlaw.ch\/en\/event\/datenschutzrechtstagung-des-schweizer-forum-fuer-kommunikationsrecht\/\" rel=\"bookmark\" title=\"Datenschutzrechtstagung des Schweizer Forum f\u00fcr Kommunikationsrecht\">Datenschutzrechtstagung des Schweizer Forum f\u00fcr Kommunikationsrecht<\/a><\/h3><div class=\"vsel-meta-date vsel-meta-single-date\">Date: <span>8. September 2021<\/span><\/div><div class=\"vsel-meta-location\">Location: <span>Universit\u00e4t Z\u00fcrich<\/span><\/div><div class=\"vsel-meta-link\"><a href=\"https:\/\/www.sf-fs.ch\/uploads\/media\/Flyer_5._DSG-Tagung.pdf\" rel=\"noopener noreferrer\" target=\"_blank\" rel=\"noreferrer noopener\" title=\"https:\/\/www.sf-fs.ch\/uploads\/media\/Flyer_5._DSG-Tagung.pdf\">Weitere Informationen und Anmeldung<\/a><\/div><div class=\"vsel-meta-cats\">Datenschutz im Arbeitsrecht | DSG-Revision | \u00dcberwachung<\/div><\/div><div class=\"vsel-image-info vsel-image-info-right\" style=\"width:60%;\"><div class=\"vsel-info\"><p>Mit der Verabschiedung des neuen DSG im September 2020 stellt sich die Frage, welche Spielr\u00e4ume die neuen Normen bei der Anwendung lassen, bspw. im Bereich der Medien und bei der \u00dcberwachung am Arbeitsplatz. Diese Fragen stehen im Zentrum der diesj\u00e4hrigen Datenschutzrechtstagung des Schweizer Forum f\u00fcr Kommunikationsrecht (SF-FS). <a href=\"https:\/\/www.probstpartner.ch\/team\/julia-bhend\">Julia Bhend<\/a> wird dabei \u00fcber die j\u00fcngsten Entscheidungen und Entwicklungen in der Schweiz referieren.<br \/>\nDie Tagung findet am 8. September 2021 in der Aula der Universit\u00e4t  Z\u00fcrich statt.<\/p>\n<\/div><\/div><\/div><div id=\"event-8116\" class=\"vsel-content vsel-past\"><div class=\"vsel-meta vsel-meta-left\" style=\"width:36%;\"><h3 class=\"vsel-meta-title\"><a href=\"https:\/\/swissdataprotectionlaw.ch\/en\/event\/revision-des-dsg-die-wichtigsten-auswirkungen-auf-arztpraxen\/\" rel=\"bookmark\" title=\"Revision des DSG. Die wichtigsten Auswirkungen auf Arztpraxen\">Revision des DSG. Die wichtigsten Auswirkungen auf Arztpraxen<\/a><\/h3><div class=\"vsel-meta-date vsel-meta-single-date\">Date: <span>12. May 2021<\/span><\/div><div class=\"vsel-meta-location\">Location: <span>Online<\/span><\/div><\/div><div class=\"vsel-image-info vsel-image-info-right\" style=\"width:60%;\"><div class=\"vsel-info\">\n<p>Anl\u00e4sslich des Seminars \u00abDatenverarbeitung und Datensicherheit in Arztpraxen\u00bb der medswiss.net wird Michael Widmer die wichtigsten Auswirkungen des revidierten DSG auf Arztpraxen beleuchten.<\/p>\n<\/div><\/div><\/div><div id=\"event-8117\" class=\"vsel-content vsel-past\"><div class=\"vsel-meta vsel-meta-left\" style=\"width:36%;\"><h3 class=\"vsel-meta-title\"><a href=\"https:\/\/swissdataprotectionlaw.ch\/en\/event\/industrie-4-0-und-datenschutz\/\" rel=\"bookmark\" title=\"Industrie 4.0 und Datenschutz\">Industrie 4.0 und Datenschutz<\/a><\/h3><div class=\"vsel-meta-date vsel-meta-single-date\">Date: <span>18. March 2021<\/span><\/div><div class=\"vsel-meta-location\">Location: <span>Online<\/span><\/div><\/div><div class=\"vsel-image-info vsel-image-info-right\" style=\"width:60%;\"><div class=\"vsel-info\">\n<p>Im Rahmen von Industrie 4.0 k\u00f6nnen Datenschutz und Datensicherheit eine wichtige Rolle spielen. Wie sind insbesondere das Schweizer DSG und die DSGVO in diesem Rahmen zu ber\u00fccksichtigen? Hierzu und zu weiteren Fragen referiert Michael Widmer am 18. M\u00e4rz 2021.<\/p>\n<\/div><\/div><\/div><div id=\"event-8118\" class=\"vsel-content vsel-past\"><div class=\"vsel-meta vsel-meta-left\" style=\"width:36%;\"><h3 class=\"vsel-meta-title\"><a href=\"https:\/\/swissdataprotectionlaw.ch\/en\/event\/datenschutz-im-arbeitsverhaeltnis-und-covid-19\/\" rel=\"bookmark\" title=\"Datenschutz im Arbeitsverh\u00e4ltnis und Covid-19\">Datenschutz im Arbeitsverh\u00e4ltnis und Covid-19<\/a><\/h3><div class=\"vsel-meta-date vsel-meta-single-date\">Date: <span>2. February 2021<\/span><\/div><div class=\"vsel-meta-location\">Location: <span>Online<\/span><\/div><\/div><div class=\"vsel-image-info vsel-image-info-right\" style=\"width:60%;\"><div class=\"vsel-info\">\n<p>Michael Widmer spricht an der Tagung \u00abDatenschutz im Arbeitsrecht\u00bb zu aktuellen Fragen, welche sich in der derzeitigen Covid-19 Pandemie im Arbeitsverh\u00e4ltnis aus datenschutzrechtlicher Perspektive stellen.<\/p>\n<\/div><\/div><\/div><div id=\"event-8115\" class=\"vsel-content vsel-past\"><div class=\"vsel-meta vsel-meta-left\" style=\"width:36%;\"><h3 class=\"vsel-meta-title\"><a href=\"https:\/\/swissdataprotectionlaw.ch\/en\/event\/cloud-beschaffungen-2\/\" rel=\"bookmark\" title=\"Procurement of Cloud Services\">Procurement of Cloud Services<\/a><\/h3><div class=\"vsel-meta-date vsel-meta-single-date\">Date: <span>15. January 2021<\/span><\/div><div class=\"vsel-meta-location\">Location: <span>Universit\u00e4t Bern<\/span><\/div><\/div><div class=\"vsel-image-info vsel-image-info-right\" style=\"width:60%;\"><div class=\"vsel-info\"><p>To date, data protection and security requirements have impeded the acceptance of cloud solutions in the public environment. Recently, however, cloud services have increasingly become an issue for public administrations and companies such as hospitals, utilities and public authorities.<\/p>\n<p>At a seminar organised by the University of Bern, Julia Bhend and other experts will present legal challenges of cloud procurement, point out solutions and report on practical experience.<\/p>\n<p>More information and registration:<br \/>\n<a href=\"https:\/\/www.digitale-nachhaltigkeit.unibe.ch\/weiterbildung\/modulares_kursprogramm\/weiterbildungstage\/freitag_14_januar_2022___weiterbildungstag\/index_ger.html\">https:\/\/www.digitale-nachhaltigkeit.unibe.ch\/weiterbildung\/modulares_kursprogramm\/weiterbildungstage\/freitag_14_januar_2022___weiterbildungstag\/index_ger.html<\/a><\/p>\n<\/div><\/div><\/div><div id=\"event-8119\" class=\"vsel-content vsel-past\"><div class=\"vsel-meta vsel-meta-left\" style=\"width:36%;\"><h3 class=\"vsel-meta-title\"><a href=\"https:\/\/swissdataprotectionlaw.ch\/en\/event\/neues-bundesgesetz-ueber-den-datenschutz-beginnen-sie-mit-der-umsetzung-jetzt\/\" rel=\"bookmark\" title=\"Neues Bundesgesetz \u00fcber den Datenschutz \u2013 Beginnen Sie mit der Umsetzung jetzt\">Neues Bundesgesetz \u00fcber den Datenschutz \u2013 Beginnen Sie mit der Umsetzung jetzt<\/a><\/h3><div class=\"vsel-meta-date vsel-meta-single-date\">Date: <span>9. December 2020<\/span><\/div><div class=\"vsel-meta-location\">Location: <span>Z\u00fcrich<\/span><\/div><\/div><div class=\"vsel-image-info vsel-image-info-right\" style=\"width:60%;\"><div class=\"vsel-info\">\n<p>An der Tagung \u00abNeuerungen\u00bb des Unternehmer Forum Schweiz referiert Michael Widmer zum neuen DSG. Er erl\u00e4utert, wie die Anforderungen des revidierten DSG in der Praxis umgesetzt werden k\u00f6nnen.<\/p>\n<\/div><\/div><\/div><div id=\"event-8120\" class=\"vsel-content vsel-past\"><div class=\"vsel-meta vsel-meta-left\" style=\"width:36%;\"><h3 class=\"vsel-meta-title\"><a href=\"https:\/\/swissdataprotectionlaw.ch\/en\/event\/personaldaten-und-datenschutz\/\" rel=\"bookmark\" title=\"Personaldaten und Datenschutz\">Personaldaten und Datenschutz<\/a><\/h3><div class=\"vsel-meta-date vsel-meta-single-date\">Date: <span>3. March 2020<\/span><\/div><div class=\"vsel-meta-location\">Location: <span>Z\u00fcrich<\/span><\/div><\/div><div class=\"vsel-image-info vsel-image-info-right\" style=\"width:60%;\"><div class=\"vsel-info\">\n<p>An der Schulthess Arbeitsrechtstagung 2020 \u00abDigitalisierung: Sch\u00f6ne neue Arbeitswelt\u00bb referiert Michael Widmer zu \u00abPersonaldaten und Datenschutz\u00bb. Welche aktuellen Herausforderungen bestehen bei der Bearbeitung von Personaldaten aus datenschutzrechtlicher Sicht?<\/p>\n<\/div><\/div><\/div><div id=\"event-8121\" class=\"vsel-content vsel-past\"><div class=\"vsel-meta vsel-meta-left\" style=\"width:36%;\"><h3 class=\"vsel-meta-title\"><a href=\"https:\/\/swissdataprotectionlaw.ch\/en\/event\/gesundheits-apps-einige-rechtliche-und-ethische-aspekte\/\" rel=\"bookmark\" title=\"Gesundheits-Apps \u2013 Einige rechtliche und ethische Aspekte\">Gesundheits-Apps \u2013 Einige rechtliche und ethische Aspekte<\/a><\/h3><div class=\"vsel-meta-date vsel-meta-single-date\">Date: <span>25. February 2020<\/span><\/div><div class=\"vsel-meta-location\">Location: <span>Z\u00fcrich<\/span><\/div><\/div><div class=\"vsel-image-info vsel-image-info-right\" style=\"width:60%;\"><div class=\"vsel-info\">\n<p>Michael Widmer wird an der kaps-Tagung &#8211; Datenschutz in einem digitalisierten Gesundheitswesen zum Thema \u00abGesundheits-Apps\u00bb referieren. Wie k\u00f6nnen bei Gesundheits-Apps datenschutzrechtliche Aspekte rechtzeitig ber\u00fccksichtigt werden? Und wie spielt dies mit ethischen Grunds\u00e4tze zusammen?<\/p>\n<\/div><\/div><\/div><div id=\"event-8122\" class=\"vsel-content vsel-past\"><div class=\"vsel-meta vsel-meta-left\" style=\"width:36%;\"><h3 class=\"vsel-meta-title\"><a href=\"https:\/\/swissdataprotectionlaw.ch\/en\/event\/algorithmen-eine-gefahr-fuer-den-datenschutz-und-den-diskriminierungsschutz\/\" rel=\"bookmark\" title=\"Algorithmen \u2013 eine Gefahr f\u00fcr den Datenschutz und den Diskriminierungsschutz?\">Algorithmen \u2013 eine Gefahr f\u00fcr den Datenschutz und den Diskriminierungsschutz?<\/a><\/h3><div class=\"vsel-meta-date vsel-meta-single-date\">Date: <span>3. September 2019<\/span><\/div><div class=\"vsel-meta-location\">Location: <span>Z\u00fcrich<\/span><\/div><\/div><div class=\"vsel-image-info vsel-image-info-right\" style=\"width:60%;\"><div class=\"vsel-info\">\n<p>An der St.Galler Tagung zum Datenschutz spricht Michael Widmer zum Thema \u00abAlgorithmen &#8211; eine Gefahr f\u00fcr den Datenschutz und den Diskriminierungsschutz?\u00bb. Wie weit stellen Algorithmen eine Gefahr f\u00fcr den Datenschutz und den Diskriminierungsschutz dar? Und welche Bestimmungen sind bei der Nutzung von Algorithmen zu beachten?<\/p>\n<\/div><\/div><\/div><div class=\"vsel-nav\"><a href=\"https:\/\/swissdataprotectionlaw.ch\/en\/wp-json\/wp\/v2\/pages\/7256\/page\/2\/\" class=\"next\">Next &raquo;<\/a><\/div><\/div>\n<\/div><\/div><\/div><\/div><\/div><\/div><\/section><section class=\"l-section wpb_row height_medium\"><div class=\"l-section-h i-cf\"><div class=\"g-cols vc_row via_grid cols_1 laptops-cols_inherit tablets-cols_inherit mobiles-cols_1 valign_top type_default stacking_default\"><div class=\"wpb_column vc_column_container\"><div class=\"vc_column-inner\"><div class=\"w-separator size_medium with_line width_default thick_1 style_solid color_border align_center\"><div class=\"w-separator-h\"><\/div><\/div><\/div><\/div><\/div><\/div><\/section>\n","protected":false},"excerpt":{"rendered":"An der St.Galler Tagung zum Datenschutz spricht Michael Widmer zum Thema \u00abAlgorithmen - eine Gefahr f\u00fcr den Datenschutz und den Diskriminierungsschutz?\u00bb. Wie weit stellen Algorithmen eine Gefahr f\u00fcr den Datenschutz und den Diskriminierungsschutz dar? Und welche Bestimmungen sind bei der Nutzung von Algorithmen zu beachten?","protected":false},"author":1,"featured_media":0,"parent":0,"menu_order":0,"comment_status":"closed","ping_status":"closed","template":"","meta":[],"translation":{"provider":"WPGlobus","version":"2.12.2","language":"en","enabled_languages":["de","en"],"languages":{"de":{"title":true,"content":true,"excerpt":false},"en":{"title":false,"content":true,"excerpt":false}}},"yoast_head":"<!-- This site is optimized with the Yoast SEO plugin v20.12 - https:\/\/yoast.com\/wordpress\/plugins\/seo\/ -->\n<title>Anl\u00e4sse - Swissdataprotectionlaw<\/title>\n<meta name=\"robots\" content=\"index, follow, max-snippet:-1, max-image-preview:large, max-video-preview:-1\" \/>\n<link rel=\"canonical\" href=\"https:\/\/swissdataprotectionlaw.ch\/anlaesse\/\" \/>\n<meta property=\"og:locale\" content=\"en_US\" \/>\n<meta property=\"og:type\" content=\"article\" \/>\n<meta property=\"og:title\" content=\"Anl\u00e4sse - Swissdataprotectionlaw\" \/>\n<meta property=\"og:url\" content=\"https:\/\/swissdataprotectionlaw.ch\/anlaesse\/\" \/>\n<meta property=\"og:site_name\" content=\"Swissdataprotectionlaw\" \/>\n<meta property=\"article:modified_time\" content=\"2023-08-03T09:00:47+00:00\" \/>\n<meta property=\"og:image\" content=\"https:\/\/swissdataprotectionlaw.ch\/wp-content\/uploads\/2021\/06\/Dataprotectionlaw1.png\" \/>\n\t<meta property=\"og:image:width\" content=\"2746\" \/>\n\t<meta property=\"og:image:height\" content=\"2746\" \/>\n\t<meta property=\"og:image:type\" content=\"image\/png\" \/>\n<meta name=\"twitter:card\" content=\"summary_large_image\" \/>\n<meta name=\"twitter:label1\" content=\"Est. reading time\" \/>\n\t<meta name=\"twitter:data1\" content=\"1 minute\" \/>\n<script type=\"application\/ld+json\" class=\"yoast-schema-graph\">{\"@context\":\"https:\/\/schema.org\",\"@graph\":[{\"@type\":\"WebPage\",\"@id\":\"https:\/\/swissdataprotectionlaw.ch\/anlaesse\/\",\"url\":\"https:\/\/swissdataprotectionlaw.ch\/anlaesse\/\",\"name\":\"Anl\u00e4sse - Swissdataprotectionlaw\",\"isPartOf\":{\"@id\":\"https:\/\/swissdataprotectionlaw.ch\/#website\"},\"datePublished\":\"2017-12-08T08:51:38+00:00\",\"dateModified\":\"2023-08-03T09:00:47+00:00\",\"breadcrumb\":{\"@id\":\"https:\/\/swissdataprotectionlaw.ch\/anlaesse\/#breadcrumb\"},\"inLanguage\":\"en-US\",\"potentialAction\":[{\"@type\":\"ReadAction\",\"target\":[\"https:\/\/swissdataprotectionlaw.ch\/anlaesse\/\"]}]},{\"@type\":\"BreadcrumbList\",\"@id\":\"https:\/\/swissdataprotectionlaw.ch\/anlaesse\/#breadcrumb\",\"itemListElement\":[{\"@type\":\"ListItem\",\"position\":1,\"name\":\"Startseite\",\"item\":\"https:\/\/swissdataprotectionlaw.ch\/\"},{\"@type\":\"ListItem\",\"position\":2,\"name\":\"Anl\u00e4sse\"}]},{\"@type\":\"WebSite\",\"@id\":\"https:\/\/swissdataprotectionlaw.ch\/#website\",\"url\":\"https:\/\/swissdataprotectionlaw.ch\/\",\"name\":\"Swissdataprotectionlaw\",\"description\":\"\",\"publisher\":{\"@id\":\"https:\/\/swissdataprotectionlaw.ch\/#organization\"},\"potentialAction\":[{\"@type\":\"SearchAction\",\"target\":{\"@type\":\"EntryPoint\",\"urlTemplate\":\"https:\/\/swissdataprotectionlaw.ch\/?s={search_term_string}\"},\"query-input\":\"required name=search_term_string\"}],\"inLanguage\":\"en-US\"},{\"@type\":\"Organization\",\"@id\":\"https:\/\/swissdataprotectionlaw.ch\/#organization\",\"name\":\"Swissdataprotectionlaw\",\"url\":\"https:\/\/swissdataprotectionlaw.ch\/\",\"logo\":{\"@type\":\"ImageObject\",\"inLanguage\":\"en-US\",\"@id\":\"https:\/\/swissdataprotectionlaw.ch\/#\/schema\/logo\/image\/\",\"url\":\"https:\/\/swissdataprotectionlaw.ch\/wp-content\/uploads\/2017\/12\/Dataprotectionlaw.jpg\",\"contentUrl\":\"https:\/\/swissdataprotectionlaw.ch\/wp-content\/uploads\/2017\/12\/Dataprotectionlaw.jpg\",\"width\":336,\"height\":23,\"caption\":\"Swissdataprotectionlaw\"},\"image\":{\"@id\":\"https:\/\/swissdataprotectionlaw.ch\/#\/schema\/logo\/image\/\"}}]}<\/script>\n<!-- \/ Yoast SEO plugin. -->","yoast_head_json":{"title":"Anl\u00e4sse - Swissdataprotectionlaw","robots":{"index":"index","follow":"follow","max-snippet":"max-snippet:-1","max-image-preview":"max-image-preview:large","max-video-preview":"max-video-preview:-1"},"canonical":"https:\/\/swissdataprotectionlaw.ch\/anlaesse\/","og_locale":"en_US","og_type":"article","og_title":"Anl\u00e4sse - Swissdataprotectionlaw","og_url":"https:\/\/swissdataprotectionlaw.ch\/anlaesse\/","og_site_name":"Swissdataprotectionlaw","article_modified_time":"2023-08-03T09:00:47+00:00","og_image":[{"width":2746,"height":2746,"url":"https:\/\/swissdataprotectionlaw.ch\/wp-content\/uploads\/2021\/06\/Dataprotectionlaw1.png","type":"image\/png"}],"twitter_card":"summary_large_image","twitter_misc":{"Est. reading time":"1 minute"},"schema":{"@context":"https:\/\/schema.org","@graph":[{"@type":"WebPage","@id":"https:\/\/swissdataprotectionlaw.ch\/anlaesse\/","url":"https:\/\/swissdataprotectionlaw.ch\/anlaesse\/","name":"Anl\u00e4sse - Swissdataprotectionlaw","isPartOf":{"@id":"https:\/\/swissdataprotectionlaw.ch\/#website"},"datePublished":"2017-12-08T08:51:38+00:00","dateModified":"2023-08-03T09:00:47+00:00","breadcrumb":{"@id":"https:\/\/swissdataprotectionlaw.ch\/anlaesse\/#breadcrumb"},"inLanguage":"en-US","potentialAction":[{"@type":"ReadAction","target":["https:\/\/swissdataprotectionlaw.ch\/anlaesse\/"]}]},{"@type":"BreadcrumbList","@id":"https:\/\/swissdataprotectionlaw.ch\/anlaesse\/#breadcrumb","itemListElement":[{"@type":"ListItem","position":1,"name":"Startseite","item":"https:\/\/swissdataprotectionlaw.ch\/"},{"@type":"ListItem","position":2,"name":"Anl\u00e4sse"}]},{"@type":"WebSite","@id":"https:\/\/swissdataprotectionlaw.ch\/#website","url":"https:\/\/swissdataprotectionlaw.ch\/","name":"Swissdataprotectionlaw","description":"","publisher":{"@id":"https:\/\/swissdataprotectionlaw.ch\/#organization"},"potentialAction":[{"@type":"SearchAction","target":{"@type":"EntryPoint","urlTemplate":"https:\/\/swissdataprotectionlaw.ch\/?s={search_term_string}"},"query-input":"required name=search_term_string"}],"inLanguage":"en-US"},{"@type":"Organization","@id":"https:\/\/swissdataprotectionlaw.ch\/#organization","name":"Swissdataprotectionlaw","url":"https:\/\/swissdataprotectionlaw.ch\/","logo":{"@type":"ImageObject","inLanguage":"en-US","@id":"https:\/\/swissdataprotectionlaw.ch\/#\/schema\/logo\/image\/","url":"https:\/\/swissdataprotectionlaw.ch\/wp-content\/uploads\/2017\/12\/Dataprotectionlaw.jpg","contentUrl":"https:\/\/swissdataprotectionlaw.ch\/wp-content\/uploads\/2017\/12\/Dataprotectionlaw.jpg","width":336,"height":23,"caption":"Swissdataprotectionlaw"},"image":{"@id":"https:\/\/swissdataprotectionlaw.ch\/#\/schema\/logo\/image\/"}}]}},"_links":{"self":[{"href":"https:\/\/swissdataprotectionlaw.ch\/en\/wp-json\/wp\/v2\/pages\/7256"}],"collection":[{"href":"https:\/\/swissdataprotectionlaw.ch\/en\/wp-json\/wp\/v2\/pages"}],"about":[{"href":"https:\/\/swissdataprotectionlaw.ch\/en\/wp-json\/wp\/v2\/types\/page"}],"author":[{"embeddable":true,"href":"https:\/\/swissdataprotectionlaw.ch\/en\/wp-json\/wp\/v2\/users\/1"}],"replies":[{"embeddable":true,"href":"https:\/\/swissdataprotectionlaw.ch\/en\/wp-json\/wp\/v2\/comments?post=7256"}],"version-history":[{"count":25,"href":"https:\/\/swissdataprotectionlaw.ch\/en\/wp-json\/wp\/v2\/pages\/7256\/revisions"}],"predecessor-version":[{"id":8273,"href":"https:\/\/swissdataprotectionlaw.ch\/en\/wp-json\/wp\/v2\/pages\/7256\/revisions\/8273"}],"wp:attachment":[{"href":"https:\/\/swissdataprotectionlaw.ch\/en\/wp-json\/wp\/v2\/media?parent=7256"}],"curies":[{"name":"wp","href":"https:\/\/api.w.org\/{rel}","templated":true}]}}