{"id":7254,"date":"2017-12-08T09:51:29","date_gmt":"2017-12-08T08:51:29","guid":{"rendered":"https:\/\/swissdataprotectionlaw.ch\/\/?page_id=7254"},"modified":"2018-10-09T22:46:09","modified_gmt":"2018-10-09T20:46:09","slug":"unsere-dienstleistungen","status":"publish","type":"page","link":"https:\/\/swissdataprotectionlaw.ch\/en\/unsere-dienstleistungen\/","title":{"rendered":"Our Services"},"content":{"rendered":"<section class=\"l-section wpb_row height_medium\"><div class=\"l-section-h i-cf\"><div class=\"g-cols vc_row via_grid cols_1 laptops-cols_inherit tablets-cols_inherit mobiles-cols_1 valign_top type_default stacking_default\"><div class=\"wpb_column vc_column_container\"><div class=\"vc_column-inner\"><div class=\"wpb_text_column\"><div class=\"wpb_wrapper\"><h1 style=\"text-align: center;\">Our Services<\/h1>\n<\/div><\/div><\/div><\/div><\/div><\/div><\/section><section class=\"l-section wpb_row height_medium\"><div class=\"l-section-h i-cf\"><div class=\"g-cols vc_row via_grid cols_1 laptops-cols_inherit tablets-cols_inherit mobiles-cols_1 valign_top type_default stacking_default\"><div class=\"wpb_column vc_column_container\"><div class=\"vc_column-inner\"><div class=\"w-tabs style_default switch_click accordion type_togglable has_scrolling\" style=\"--sections-title-size:inherit\"><div class=\"w-tabs-sections titles-align_none icon_chevron cpos_right\"><div class=\"w-tabs-section\" id=\"x1c7\"><button class=\"w-tabs-section-header\" aria-controls=\"content-x1c7\" aria-expanded=\"false\"><div class=\"w-tabs-section-title\">Compliance-Check<\/div><div class=\"w-tabs-section-control\"><\/div><\/button><div  class=\"w-tabs-section-content\" id=\"content-x1c7\"><div class=\"w-tabs-section-content-h i-cf\"><div class=\"wpb_text_column\"><div class=\"wpb_wrapper\"><p>We will check for you whether your company, product, service or processing procedure meets the requirements of Swiss and European data protection laws and identify required measures to implement.<\/p>\n<\/div><\/div><\/div><\/div><\/div><div class=\"w-tabs-section\" id=\"w3b0\"><button class=\"w-tabs-section-header\" aria-controls=\"content-w3b0\" aria-expanded=\"false\"><div class=\"w-tabs-section-title\">Website-Check<\/div><div class=\"w-tabs-section-control\"><\/div><\/button><div  class=\"w-tabs-section-content\" id=\"content-w3b0\"><div class=\"w-tabs-section-content-h i-cf\"><div class=\"wpb_text_column\"><div class=\"wpb_wrapper\"><p>Does your website and offerings you make online meet the data protection requirements? We are happy to check this for you and identify any need for action. <\/p>\n<\/div><\/div><\/div><\/div><\/div><div class=\"w-tabs-section\" id=\"a572\"><button class=\"w-tabs-section-header\" aria-controls=\"content-a572\" aria-expanded=\"false\"><div class=\"w-tabs-section-title\">Privacy Policies<\/div><div class=\"w-tabs-section-control\"><\/div><\/button><div  class=\"w-tabs-section-content\" id=\"content-a572\"><div class=\"w-tabs-section-content-h i-cf\"><div class=\"wpb_text_column\"><div class=\"wpb_wrapper\"><p>We draft privacy policies and consent forms for you which are compliant with Swiss and EU data protection laws or review your existing documents for compliance. <\/p>\n<\/div><\/div><\/div><\/div><\/div><div class=\"w-tabs-section\" id=\"g732\"><button class=\"w-tabs-section-header\" aria-controls=\"content-g732\" aria-expanded=\"false\"><div class=\"w-tabs-section-title\">Records of Processing Activities<\/div><div class=\"w-tabs-section-control\"><\/div><\/button><div  class=\"w-tabs-section-content\" id=\"content-g732\"><div class=\"w-tabs-section-content-h i-cf\"><div class=\"wpb_text_column\"><div class=\"wpb_wrapper\"><p>Most companies have to maintain records of their processing activities. We provide you with templates and support you in setting your records up. <\/p>\n<\/div><\/div><\/div><\/div><\/div><div class=\"w-tabs-section\" id=\"h8cc\"><button class=\"w-tabs-section-header\" aria-controls=\"content-h8cc\" aria-expanded=\"false\"><div class=\"w-tabs-section-title\">Data Protection Impact Assessment \/ Privacy Impact Assessment<\/div><div class=\"w-tabs-section-control\"><\/div><\/button><div  class=\"w-tabs-section-content\" id=\"content-h8cc\"><div class=\"w-tabs-section-content-h i-cf\"><div class=\"wpb_text_column\"><div class=\"wpb_wrapper\"><p>Under certain conditions, a controller has to carry out an assessment of the impact of envisaged processing operations on the protection of personal data (<a href=\"https:\/\/swissdataprotectionlaw.ch\/en\/besondere-themen\/datenschutz-folgenabschaetzung-privacy-impact-assessment\/\">Privacy Impact Assessment<\/a>). We support you in your decision whether you are required to carry out a privacy Impact assessment as well as in the actual assessment.<\/p>\n<\/div><\/div><\/div><\/div><\/div><div class=\"w-tabs-section\" id=\"qacf\"><button class=\"w-tabs-section-header\" aria-controls=\"content-qacf\" aria-expanded=\"false\"><div class=\"w-tabs-section-title\">Agreements with Processors \/ Outsourcing<\/div><div class=\"w-tabs-section-control\"><\/div><\/button><div  class=\"w-tabs-section-content\" id=\"content-qacf\"><div class=\"w-tabs-section-content-h i-cf\"><div class=\"wpb_text_column\"><div class=\"wpb_wrapper\"><p>Outsourcing processing of personal data, e.g. payroll management, to third parties, cloud providers or marketing agencies requires a written agreement, encompassing certain specific data protection provisions. We draft and negotiate such agreements and review existing contracts for their compliance with data protection laws.<\/p>\n<\/div><\/div><\/div><\/div><\/div><div class=\"w-tabs-section\" id=\"cc75\"><button class=\"w-tabs-section-header\" aria-controls=\"content-cc75\" aria-expanded=\"false\"><div class=\"w-tabs-section-title\">Data Protection Officer (DPO)<\/div><div class=\"w-tabs-section-control\"><\/div><\/button><div  class=\"w-tabs-section-content\" id=\"content-cc75\"><div class=\"w-tabs-section-content-h i-cf\"><div class=\"wpb_text_column\"><div class=\"wpb_wrapper\"><p>We have the necessary knowledge and skills to be appointed as an external data protection officer.<\/p>\n<\/div><\/div><\/div><\/div><\/div><div class=\"w-tabs-section\" id=\"ne85\"><button class=\"w-tabs-section-header\" aria-controls=\"content-ne85\" aria-expanded=\"false\"><div class=\"w-tabs-section-title\">Advice and Expert Opinions<\/div><div class=\"w-tabs-section-control\"><\/div><\/button><div  class=\"w-tabs-section-content\" id=\"content-ne85\"><div class=\"w-tabs-section-content-h i-cf\"><div class=\"wpb_text_column\"><div class=\"wpb_wrapper\"><p>Our experts advise you in all aspects relevant to data protection law and are happy to draft expert opinions on specific questions.<\/p>\n<\/div><\/div><\/div><\/div><\/div><div class=\"w-tabs-section\" id=\"o04b\"><button class=\"w-tabs-section-header\" aria-controls=\"content-o04b\" aria-expanded=\"false\"><div class=\"w-tabs-section-title\">Data Protection Training<\/div><div class=\"w-tabs-section-control\"><\/div><\/button><div  class=\"w-tabs-section-content\" id=\"content-o04b\"><div class=\"w-tabs-section-content-h i-cf\"><div class=\"wpb_text_column\"><div class=\"wpb_wrapper\"><p>We offer data protection trainings, ranging from general introductions to courses on highly individualized topics. Our training courses are tailored to the needs of the client and usually bespoke so they are highly relevant for your practice. <\/p>\n<\/div><\/div><\/div><\/div><\/div><div class=\"w-tabs-section\" id=\"h236\"><button class=\"w-tabs-section-header\" aria-controls=\"content-h236\" aria-expanded=\"false\"><div class=\"w-tabs-section-title\">Support for Law Firms Outside of Switzerland<\/div><div class=\"w-tabs-section-control\"><\/div><\/button><div  class=\"w-tabs-section-content\" id=\"content-h236\"><div class=\"w-tabs-section-content-h i-cf\"><div class=\"wpb_text_column\"><div class=\"wpb_wrapper\"><p>Does your law firm outside of Switzerland advise clients in data protection matters? We will support you with the corresponding analysis for Switzerland, e.g. with a difference analysis to your assessment or independent of your own advice.<\/p>\n<\/div><\/div><\/div><\/div><\/div><\/div><\/div><\/div><\/div><\/div><\/div><\/section><section class=\"l-section wpb_row height_medium\"><div class=\"l-section-h i-cf\"><div class=\"g-cols vc_row via_grid cols_1 laptops-cols_inherit tablets-cols_inherit mobiles-cols_1 valign_top type_default stacking_default\"><div class=\"wpb_column vc_column_container\"><div class=\"vc_column-inner\"><div class=\"wpb_text_column\"><div class=\"wpb_wrapper\"><h1 style=\"text-align: center;\">Our Expertise<\/h1>\n<\/div><\/div><div class=\"wpb_text_column\"><div class=\"wpb_wrapper\"><p>Data protection and technology law is a focus of our law firm. We are a team of specialized IT and data protection experts and have supported clients from various industries. A selection from our recent practice:<\/p>\n<ul>\n<li>Internationally operating IT company: Advice on compliance with data protection law and information security requirements in the processing of personal data of clients in the financial industry and public administration.<\/li>\n<li>International pharmaceutical company: Ongoing advice on compliance with data protection law in Switzerland, in particular in connection with intragroup data transfers and centralized IT infrastructure.<\/li>\n<li>International manufacturer of technology goods: Ongoing advice on compliance with data protection law in Switzerland, in particular in connection with intragroup data transfers and centralized IT infrastructure.<\/li>\n<li>International industrial manufacturer: Support in Industry 4.0 \/ Digitisation initiative, including analysis of the measures to be taken for data protection compliance (EU and Switzerland).<\/li>\n<li>Swiss app developer: Advice regarding data protection compliance in Switzerland when using personal data of customers gathered via smartphone apps.<\/li>\n<li>Foreign automobile manufacturer: Consulting on the implementation of a CRM system, which enables collection and use of customer data for monitoring and maintenance of vehicles in Switzerland.<\/li>\n<li>International plant construction and building technology company: Ongoing advice on compliance with data protection law in Switzerland, including in connection with intragroup transfers and centralized IT infrastructure.<\/li>\n<li>Swiss manufacturer of devices and apps in the health care sector: Advice on the implementation of data protection requirements for the use of medical devices and smartphone apps for patients and hospitals in Switzerland.<\/li>\n<li>Swiss retailer of branded articles: advice regarding the use of retailer collected customer data by the brand owner.<\/li>\n<\/ul>\n<\/div><\/div><\/div><\/div><\/div><\/div><\/section>\n","protected":false},"excerpt":{"rendered":"{:de}Unsere Dienst\u00adleistungen Compliance-CheckWir pr\u00fcfen f\u00fcr Sie, ob Ihr Unternehmen, ein Produkt, Service oder ein Bearbeitungsvorgang die Anforderungen des Schweizer und europ\u00e4ischen Datenschutzrechts erf\u00fcllt und welche Massnahmen Sie allenfalls noch umsetzen m\u00fcssen. Website-CheckErf\u00fcllt Ihre Webseite und Ihr Online-Angebot die Anforderungen des Datenschutzrechts? Wir pr\u00fcfen dies gerne f\u00fcr Sie und zeigen allf\u00e4lligen Handlungsbedarf auf. Datenschutz\u00aderkl\u00e4rungen \/ Privacy...","protected":false},"author":1,"featured_media":0,"parent":0,"menu_order":0,"comment_status":"closed","ping_status":"closed","template":"","meta":[],"translation":{"provider":"WPGlobus","version":"2.12.2","language":"en","enabled_languages":["de","en"],"languages":{"de":{"title":true,"content":true,"excerpt":false},"en":{"title":true,"content":true,"excerpt":false}}},"yoast_head":"<!-- This site is optimized with the Yoast SEO plugin v20.12 - https:\/\/yoast.com\/wordpress\/plugins\/seo\/ -->\n<title>Our Services - Swissdataprotectionlaw<\/title>\n<meta name=\"robots\" content=\"index, follow, max-snippet:-1, max-image-preview:large, max-video-preview:-1\" \/>\n<link rel=\"canonical\" href=\"https:\/\/swissdataprotectionlaw.ch\/unsere-dienstleistungen\/\" \/>\n<meta property=\"og:locale\" content=\"en_US\" \/>\n<meta property=\"og:type\" content=\"article\" \/>\n<meta property=\"og:title\" content=\"Our Services - Swissdataprotectionlaw\" \/>\n<meta property=\"og:url\" content=\"https:\/\/swissdataprotectionlaw.ch\/unsere-dienstleistungen\/\" \/>\n<meta property=\"og:site_name\" content=\"Swissdataprotectionlaw\" \/>\n<meta property=\"article:modified_time\" content=\"2018-10-09T20:46:09+00:00\" \/>\n<meta property=\"og:image\" content=\"https:\/\/swissdataprotectionlaw.ch\/wp-content\/uploads\/2021\/06\/Dataprotectionlaw1.png\" \/>\n\t<meta property=\"og:image:width\" content=\"2746\" \/>\n\t<meta property=\"og:image:height\" content=\"2746\" \/>\n\t<meta property=\"og:image:type\" content=\"image\/png\" \/>\n<meta name=\"twitter:card\" content=\"summary_large_image\" \/>\n<meta name=\"twitter:label1\" content=\"Est. reading time\" \/>\n\t<meta name=\"twitter:data1\" content=\"9 minutes\" \/>\n<script type=\"application\/ld+json\" class=\"yoast-schema-graph\">{\"@context\":\"https:\/\/schema.org\",\"@graph\":[{\"@type\":\"WebPage\",\"@id\":\"https:\/\/swissdataprotectionlaw.ch\/unsere-dienstleistungen\/\",\"url\":\"https:\/\/swissdataprotectionlaw.ch\/unsere-dienstleistungen\/\",\"name\":\"Our Services - Swissdataprotectionlaw\",\"isPartOf\":{\"@id\":\"https:\/\/swissdataprotectionlaw.ch\/#website\"},\"datePublished\":\"2017-12-08T08:51:29+00:00\",\"dateModified\":\"2018-10-09T20:46:09+00:00\",\"breadcrumb\":{\"@id\":\"https:\/\/swissdataprotectionlaw.ch\/unsere-dienstleistungen\/#breadcrumb\"},\"inLanguage\":\"en-US\",\"potentialAction\":[{\"@type\":\"ReadAction\",\"target\":[\"https:\/\/swissdataprotectionlaw.ch\/unsere-dienstleistungen\/\"]}]},{\"@type\":\"BreadcrumbList\",\"@id\":\"https:\/\/swissdataprotectionlaw.ch\/unsere-dienstleistungen\/#breadcrumb\",\"itemListElement\":[{\"@type\":\"ListItem\",\"position\":1,\"name\":\"Startseite\",\"item\":\"https:\/\/swissdataprotectionlaw.ch\/\"},{\"@type\":\"ListItem\",\"position\":2,\"name\":\"Unsere Dienst\u00adleistungen\"}]},{\"@type\":\"WebSite\",\"@id\":\"https:\/\/swissdataprotectionlaw.ch\/#website\",\"url\":\"https:\/\/swissdataprotectionlaw.ch\/\",\"name\":\"Swissdataprotectionlaw\",\"description\":\"\",\"publisher\":{\"@id\":\"https:\/\/swissdataprotectionlaw.ch\/#organization\"},\"potentialAction\":[{\"@type\":\"SearchAction\",\"target\":{\"@type\":\"EntryPoint\",\"urlTemplate\":\"https:\/\/swissdataprotectionlaw.ch\/?s={search_term_string}\"},\"query-input\":\"required name=search_term_string\"}],\"inLanguage\":\"en-US\"},{\"@type\":\"Organization\",\"@id\":\"https:\/\/swissdataprotectionlaw.ch\/#organization\",\"name\":\"Swissdataprotectionlaw\",\"url\":\"https:\/\/swissdataprotectionlaw.ch\/\",\"logo\":{\"@type\":\"ImageObject\",\"inLanguage\":\"en-US\",\"@id\":\"https:\/\/swissdataprotectionlaw.ch\/#\/schema\/logo\/image\/\",\"url\":\"https:\/\/swissdataprotectionlaw.ch\/wp-content\/uploads\/2017\/12\/Dataprotectionlaw.jpg\",\"contentUrl\":\"https:\/\/swissdataprotectionlaw.ch\/wp-content\/uploads\/2017\/12\/Dataprotectionlaw.jpg\",\"width\":336,\"height\":23,\"caption\":\"Swissdataprotectionlaw\"},\"image\":{\"@id\":\"https:\/\/swissdataprotectionlaw.ch\/#\/schema\/logo\/image\/\"}}]}<\/script>\n<!-- \/ Yoast SEO plugin. -->","yoast_head_json":{"title":"Our Services - Swissdataprotectionlaw","robots":{"index":"index","follow":"follow","max-snippet":"max-snippet:-1","max-image-preview":"max-image-preview:large","max-video-preview":"max-video-preview:-1"},"canonical":"https:\/\/swissdataprotectionlaw.ch\/unsere-dienstleistungen\/","og_locale":"en_US","og_type":"article","og_title":"Our Services - Swissdataprotectionlaw","og_url":"https:\/\/swissdataprotectionlaw.ch\/unsere-dienstleistungen\/","og_site_name":"Swissdataprotectionlaw","article_modified_time":"2018-10-09T20:46:09+00:00","og_image":[{"width":2746,"height":2746,"url":"https:\/\/swissdataprotectionlaw.ch\/wp-content\/uploads\/2021\/06\/Dataprotectionlaw1.png","type":"image\/png"}],"twitter_card":"summary_large_image","twitter_misc":{"Est. reading time":"9 minutes"},"schema":{"@context":"https:\/\/schema.org","@graph":[{"@type":"WebPage","@id":"https:\/\/swissdataprotectionlaw.ch\/unsere-dienstleistungen\/","url":"https:\/\/swissdataprotectionlaw.ch\/unsere-dienstleistungen\/","name":"Our Services - Swissdataprotectionlaw","isPartOf":{"@id":"https:\/\/swissdataprotectionlaw.ch\/#website"},"datePublished":"2017-12-08T08:51:29+00:00","dateModified":"2018-10-09T20:46:09+00:00","breadcrumb":{"@id":"https:\/\/swissdataprotectionlaw.ch\/unsere-dienstleistungen\/#breadcrumb"},"inLanguage":"en-US","potentialAction":[{"@type":"ReadAction","target":["https:\/\/swissdataprotectionlaw.ch\/unsere-dienstleistungen\/"]}]},{"@type":"BreadcrumbList","@id":"https:\/\/swissdataprotectionlaw.ch\/unsere-dienstleistungen\/#breadcrumb","itemListElement":[{"@type":"ListItem","position":1,"name":"Startseite","item":"https:\/\/swissdataprotectionlaw.ch\/"},{"@type":"ListItem","position":2,"name":"Unsere Dienst\u00adleistungen"}]},{"@type":"WebSite","@id":"https:\/\/swissdataprotectionlaw.ch\/#website","url":"https:\/\/swissdataprotectionlaw.ch\/","name":"Swissdataprotectionlaw","description":"","publisher":{"@id":"https:\/\/swissdataprotectionlaw.ch\/#organization"},"potentialAction":[{"@type":"SearchAction","target":{"@type":"EntryPoint","urlTemplate":"https:\/\/swissdataprotectionlaw.ch\/?s={search_term_string}"},"query-input":"required name=search_term_string"}],"inLanguage":"en-US"},{"@type":"Organization","@id":"https:\/\/swissdataprotectionlaw.ch\/#organization","name":"Swissdataprotectionlaw","url":"https:\/\/swissdataprotectionlaw.ch\/","logo":{"@type":"ImageObject","inLanguage":"en-US","@id":"https:\/\/swissdataprotectionlaw.ch\/#\/schema\/logo\/image\/","url":"https:\/\/swissdataprotectionlaw.ch\/wp-content\/uploads\/2017\/12\/Dataprotectionlaw.jpg","contentUrl":"https:\/\/swissdataprotectionlaw.ch\/wp-content\/uploads\/2017\/12\/Dataprotectionlaw.jpg","width":336,"height":23,"caption":"Swissdataprotectionlaw"},"image":{"@id":"https:\/\/swissdataprotectionlaw.ch\/#\/schema\/logo\/image\/"}}]}},"_links":{"self":[{"href":"https:\/\/swissdataprotectionlaw.ch\/en\/wp-json\/wp\/v2\/pages\/7254"}],"collection":[{"href":"https:\/\/swissdataprotectionlaw.ch\/en\/wp-json\/wp\/v2\/pages"}],"about":[{"href":"https:\/\/swissdataprotectionlaw.ch\/en\/wp-json\/wp\/v2\/types\/page"}],"author":[{"embeddable":true,"href":"https:\/\/swissdataprotectionlaw.ch\/en\/wp-json\/wp\/v2\/users\/1"}],"replies":[{"embeddable":true,"href":"https:\/\/swissdataprotectionlaw.ch\/en\/wp-json\/wp\/v2\/comments?post=7254"}],"version-history":[{"count":44,"href":"https:\/\/swissdataprotectionlaw.ch\/en\/wp-json\/wp\/v2\/pages\/7254\/revisions"}],"predecessor-version":[{"id":8033,"href":"https:\/\/swissdataprotectionlaw.ch\/en\/wp-json\/wp\/v2\/pages\/7254\/revisions\/8033"}],"wp:attachment":[{"href":"https:\/\/swissdataprotectionlaw.ch\/en\/wp-json\/wp\/v2\/media?parent=7254"}],"curies":[{"name":"wp","href":"https:\/\/api.w.org\/{rel}","templated":true}]}}