{"id":7179,"date":"2017-12-07T15:26:06","date_gmt":"2017-12-07T14:26:06","guid":{"rendered":"https:\/\/swissdataprotectionlaw.ch\/\/?page_id=7179"},"modified":"2023-08-03T11:00:46","modified_gmt":"2023-08-03T09:00:46","slug":"meldung-von-datenschutzverstoessen","status":"publish","type":"page","link":"https:\/\/swissdataprotectionlaw.ch\/en\/besondere-themen\/meldung-von-datenschutzverstoessen\/","title":{"rendered":"Data breach notification"},"content":{"rendered":"<section class=\"l-section wpb_row height_medium\"><div class=\"l-section-h i-cf\"><div class=\"g-cols vc_row via_grid cols_1 laptops-cols_inherit tablets-cols_inherit mobiles-cols_1 valign_top type_default stacking_default\"><div class=\"wpb_column vc_column_container\"><div class=\"vc_column-inner\"><div class=\"wpb_text_column\"><div class=\"wpb_wrapper\"><h1 style=\"text-align: center;\">Data Breach Notification<\/h1>\n<\/div><\/div><div class=\"w-separator size_custom\" style=\"height:32px\"><\/div><div class=\"wpb_text_column\"><div class=\"wpb_wrapper\"><p>This instrument has been newly introduced in the EU by the GDPR. Some national jurisdictions already foresaw similar, but less strict regulations, for example the previous <a href=\"http:\/\/www.gesetze-im-internet.de\/bdsg_1990\/__42a.html\" target=\"_blank\" rel=\"noopener\">art. 42a of the German Federal Data Protection Act<\/a>, which will be followed by art. 65 and 66 FDPA-new (new German Federal Data Protection Act). In case of a personal data breach, the controller has to notify the supervisory authority without undue delay and, where feasible, within 72 hours after having become aware of the breach, unless the breach is unlikely to result in a risk to the rights and freedoms of natural persons. The processor has the same notification duty but without the 72 hours rule. The content of the notification is outlined in detail in the GDPR and encompasses information about the breach (nature, where possible categories and approximate number of data subjects and data recrods concerned, likely consequences, measures taken\/proposed to address the breach or mitigate its adverse effects) as well as the name and contact details of a person at the company responsible for additional information or the data protection officer if one has been appointed. When the breach is likely to result in a high risk to the rights and freedoms of natural persons, the data subject has to be informed as well.<\/p>\n<\/div><\/div><div class=\"w-separator size_custom\" style=\"height:32px\"><\/div><\/div><\/div><\/div><\/div><\/section>\n","protected":false},"excerpt":{"rendered":"{:de}Meldung von Verletzungen des Schutzes von Personendaten (&#8220;Data Breach Notification&#8221;) Dieses Instrument ist mit der DSGVO neu auf EU-Ebene eingef\u00fchrt worden. Verschiedene nationale Gesetzgebungen kannten bereits \u00e4hnliche, allerdings schw\u00e4chere Vorschriften, wie beispielsweise der bisherige Art. 42a des Deutschen Bundesdatenschutzgesetzes, welcher durch die Art. 65 und 66 BDSG-neu (neues Deutsches Bundesdatenschutzgesetz) abgel\u00f6st wird. Im Falle einer...","protected":false},"author":1,"featured_media":0,"parent":7142,"menu_order":0,"comment_status":"closed","ping_status":"closed","template":"","meta":[],"translation":{"provider":"WPGlobus","version":"2.12.2","language":"en","enabled_languages":["de","en"],"languages":{"de":{"title":true,"content":true,"excerpt":false},"en":{"title":true,"content":true,"excerpt":false}}},"yoast_head":"<!-- This site is optimized with the Yoast SEO plugin v20.12 - https:\/\/yoast.com\/wordpress\/plugins\/seo\/ -->\n<title>Data breach notification - Swissdataprotectionlaw<\/title>\n<meta name=\"robots\" content=\"index, follow, max-snippet:-1, max-image-preview:large, max-video-preview:-1\" \/>\n<link rel=\"canonical\" href=\"https:\/\/swissdataprotectionlaw.ch\/besondere-themen\/meldung-von-datenschutzverstoessen\/\" \/>\n<meta property=\"og:locale\" content=\"en_US\" \/>\n<meta property=\"og:type\" content=\"article\" \/>\n<meta property=\"og:title\" content=\"Data breach notification - Swissdataprotectionlaw\" \/>\n<meta property=\"og:url\" content=\"https:\/\/swissdataprotectionlaw.ch\/besondere-themen\/meldung-von-datenschutzverstoessen\/\" \/>\n<meta property=\"og:site_name\" content=\"Swissdataprotectionlaw\" \/>\n<meta property=\"article:modified_time\" content=\"2023-08-03T09:00:46+00:00\" \/>\n<meta property=\"og:image\" content=\"https:\/\/swissdataprotectionlaw.ch\/wp-content\/uploads\/2021\/06\/Dataprotectionlaw1.png\" \/>\n\t<meta property=\"og:image:width\" content=\"2746\" \/>\n\t<meta property=\"og:image:height\" content=\"2746\" \/>\n\t<meta property=\"og:image:type\" content=\"image\/png\" \/>\n<meta name=\"twitter:card\" content=\"summary_large_image\" \/>\n<meta name=\"twitter:label1\" content=\"Est. reading time\" \/>\n\t<meta name=\"twitter:data1\" content=\"2 minutes\" \/>\n<script type=\"application\/ld+json\" class=\"yoast-schema-graph\">{\"@context\":\"https:\/\/schema.org\",\"@graph\":[{\"@type\":\"WebPage\",\"@id\":\"https:\/\/swissdataprotectionlaw.ch\/besondere-themen\/meldung-von-datenschutzverstoessen\/\",\"url\":\"https:\/\/swissdataprotectionlaw.ch\/besondere-themen\/meldung-von-datenschutzverstoessen\/\",\"name\":\"Data breach notification - Swissdataprotectionlaw\",\"isPartOf\":{\"@id\":\"https:\/\/swissdataprotectionlaw.ch\/#website\"},\"datePublished\":\"2017-12-07T14:26:06+00:00\",\"dateModified\":\"2023-08-03T09:00:46+00:00\",\"breadcrumb\":{\"@id\":\"https:\/\/swissdataprotectionlaw.ch\/besondere-themen\/meldung-von-datenschutzverstoessen\/#breadcrumb\"},\"inLanguage\":\"en-US\",\"potentialAction\":[{\"@type\":\"ReadAction\",\"target\":[\"https:\/\/swissdataprotectionlaw.ch\/besondere-themen\/meldung-von-datenschutzverstoessen\/\"]}]},{\"@type\":\"BreadcrumbList\",\"@id\":\"https:\/\/swissdataprotectionlaw.ch\/besondere-themen\/meldung-von-datenschutzverstoessen\/#breadcrumb\",\"itemListElement\":[{\"@type\":\"ListItem\",\"position\":1,\"name\":\"Startseite\",\"item\":\"https:\/\/swissdataprotectionlaw.ch\/\"},{\"@type\":\"ListItem\",\"position\":2,\"name\":\"Besondere Themen\",\"item\":\"https:\/\/swissdataprotectionlaw.ch\/besondere-themen\/\"},{\"@type\":\"ListItem\",\"position\":3,\"name\":\"Meldung von Verletzungen des Schutzes von Personendaten\"}]},{\"@type\":\"WebSite\",\"@id\":\"https:\/\/swissdataprotectionlaw.ch\/#website\",\"url\":\"https:\/\/swissdataprotectionlaw.ch\/\",\"name\":\"Swissdataprotectionlaw\",\"description\":\"\",\"publisher\":{\"@id\":\"https:\/\/swissdataprotectionlaw.ch\/#organization\"},\"potentialAction\":[{\"@type\":\"SearchAction\",\"target\":{\"@type\":\"EntryPoint\",\"urlTemplate\":\"https:\/\/swissdataprotectionlaw.ch\/?s={search_term_string}\"},\"query-input\":\"required name=search_term_string\"}],\"inLanguage\":\"en-US\"},{\"@type\":\"Organization\",\"@id\":\"https:\/\/swissdataprotectionlaw.ch\/#organization\",\"name\":\"Swissdataprotectionlaw\",\"url\":\"https:\/\/swissdataprotectionlaw.ch\/\",\"logo\":{\"@type\":\"ImageObject\",\"inLanguage\":\"en-US\",\"@id\":\"https:\/\/swissdataprotectionlaw.ch\/#\/schema\/logo\/image\/\",\"url\":\"https:\/\/swissdataprotectionlaw.ch\/wp-content\/uploads\/2017\/12\/Dataprotectionlaw.jpg\",\"contentUrl\":\"https:\/\/swissdataprotectionlaw.ch\/wp-content\/uploads\/2017\/12\/Dataprotectionlaw.jpg\",\"width\":336,\"height\":23,\"caption\":\"Swissdataprotectionlaw\"},\"image\":{\"@id\":\"https:\/\/swissdataprotectionlaw.ch\/#\/schema\/logo\/image\/\"}}]}<\/script>\n<!-- \/ Yoast SEO plugin. -->","yoast_head_json":{"title":"Data breach notification - Swissdataprotectionlaw","robots":{"index":"index","follow":"follow","max-snippet":"max-snippet:-1","max-image-preview":"max-image-preview:large","max-video-preview":"max-video-preview:-1"},"canonical":"https:\/\/swissdataprotectionlaw.ch\/besondere-themen\/meldung-von-datenschutzverstoessen\/","og_locale":"en_US","og_type":"article","og_title":"Data breach notification - Swissdataprotectionlaw","og_url":"https:\/\/swissdataprotectionlaw.ch\/besondere-themen\/meldung-von-datenschutzverstoessen\/","og_site_name":"Swissdataprotectionlaw","article_modified_time":"2023-08-03T09:00:46+00:00","og_image":[{"width":2746,"height":2746,"url":"https:\/\/swissdataprotectionlaw.ch\/wp-content\/uploads\/2021\/06\/Dataprotectionlaw1.png","type":"image\/png"}],"twitter_card":"summary_large_image","twitter_misc":{"Est. reading time":"2 minutes"},"schema":{"@context":"https:\/\/schema.org","@graph":[{"@type":"WebPage","@id":"https:\/\/swissdataprotectionlaw.ch\/besondere-themen\/meldung-von-datenschutzverstoessen\/","url":"https:\/\/swissdataprotectionlaw.ch\/besondere-themen\/meldung-von-datenschutzverstoessen\/","name":"Data breach notification - Swissdataprotectionlaw","isPartOf":{"@id":"https:\/\/swissdataprotectionlaw.ch\/#website"},"datePublished":"2017-12-07T14:26:06+00:00","dateModified":"2023-08-03T09:00:46+00:00","breadcrumb":{"@id":"https:\/\/swissdataprotectionlaw.ch\/besondere-themen\/meldung-von-datenschutzverstoessen\/#breadcrumb"},"inLanguage":"en-US","potentialAction":[{"@type":"ReadAction","target":["https:\/\/swissdataprotectionlaw.ch\/besondere-themen\/meldung-von-datenschutzverstoessen\/"]}]},{"@type":"BreadcrumbList","@id":"https:\/\/swissdataprotectionlaw.ch\/besondere-themen\/meldung-von-datenschutzverstoessen\/#breadcrumb","itemListElement":[{"@type":"ListItem","position":1,"name":"Startseite","item":"https:\/\/swissdataprotectionlaw.ch\/"},{"@type":"ListItem","position":2,"name":"Besondere Themen","item":"https:\/\/swissdataprotectionlaw.ch\/besondere-themen\/"},{"@type":"ListItem","position":3,"name":"Meldung von Verletzungen des Schutzes von Personendaten"}]},{"@type":"WebSite","@id":"https:\/\/swissdataprotectionlaw.ch\/#website","url":"https:\/\/swissdataprotectionlaw.ch\/","name":"Swissdataprotectionlaw","description":"","publisher":{"@id":"https:\/\/swissdataprotectionlaw.ch\/#organization"},"potentialAction":[{"@type":"SearchAction","target":{"@type":"EntryPoint","urlTemplate":"https:\/\/swissdataprotectionlaw.ch\/?s={search_term_string}"},"query-input":"required name=search_term_string"}],"inLanguage":"en-US"},{"@type":"Organization","@id":"https:\/\/swissdataprotectionlaw.ch\/#organization","name":"Swissdataprotectionlaw","url":"https:\/\/swissdataprotectionlaw.ch\/","logo":{"@type":"ImageObject","inLanguage":"en-US","@id":"https:\/\/swissdataprotectionlaw.ch\/#\/schema\/logo\/image\/","url":"https:\/\/swissdataprotectionlaw.ch\/wp-content\/uploads\/2017\/12\/Dataprotectionlaw.jpg","contentUrl":"https:\/\/swissdataprotectionlaw.ch\/wp-content\/uploads\/2017\/12\/Dataprotectionlaw.jpg","width":336,"height":23,"caption":"Swissdataprotectionlaw"},"image":{"@id":"https:\/\/swissdataprotectionlaw.ch\/#\/schema\/logo\/image\/"}}]}},"_links":{"self":[{"href":"https:\/\/swissdataprotectionlaw.ch\/en\/wp-json\/wp\/v2\/pages\/7179"}],"collection":[{"href":"https:\/\/swissdataprotectionlaw.ch\/en\/wp-json\/wp\/v2\/pages"}],"about":[{"href":"https:\/\/swissdataprotectionlaw.ch\/en\/wp-json\/wp\/v2\/types\/page"}],"author":[{"embeddable":true,"href":"https:\/\/swissdataprotectionlaw.ch\/en\/wp-json\/wp\/v2\/users\/1"}],"replies":[{"embeddable":true,"href":"https:\/\/swissdataprotectionlaw.ch\/en\/wp-json\/wp\/v2\/comments?post=7179"}],"version-history":[{"count":6,"href":"https:\/\/swissdataprotectionlaw.ch\/en\/wp-json\/wp\/v2\/pages\/7179\/revisions"}],"predecessor-version":[{"id":8269,"href":"https:\/\/swissdataprotectionlaw.ch\/en\/wp-json\/wp\/v2\/pages\/7179\/revisions\/8269"}],"up":[{"embeddable":true,"href":"https:\/\/swissdataprotectionlaw.ch\/en\/wp-json\/wp\/v2\/pages\/7142"}],"wp:attachment":[{"href":"https:\/\/swissdataprotectionlaw.ch\/en\/wp-json\/wp\/v2\/media?parent=7179"}],"curies":[{"name":"wp","href":"https:\/\/api.w.org\/{rel}","templated":true}]}}