{"id":7177,"date":"2017-12-07T15:25:56","date_gmt":"2017-12-07T14:25:56","guid":{"rendered":"https:\/\/swissdataprotectionlaw.ch\/\/?page_id=7177"},"modified":"2023-08-03T11:00:46","modified_gmt":"2023-08-03T09:00:46","slug":"digitalisierung-industrie-4-0-internet-of-things","status":"publish","type":"page","link":"https:\/\/swissdataprotectionlaw.ch\/en\/besondere-themen\/digitalisierung-industrie-4-0-internet-of-things\/","title":{"rendered":"Digitalization \/ Industrie 4.0 \/ Internet of Things"},"content":{"rendered":"<section class=\"l-section wpb_row height_medium\"><div class=\"l-section-h i-cf\"><div class=\"g-cols vc_row via_grid cols_1 laptops-cols_inherit tablets-cols_inherit mobiles-cols_1 valign_top type_default stacking_default\"><div class=\"wpb_column vc_column_container\"><div class=\"vc_column-inner\"><div class=\"wpb_text_column\"><div class=\"wpb_wrapper\"><h1 style=\"text-align: center;\">Digitalization<\/h1>\n<h1 style=\"text-align: center;\">Industry 4.0<\/h1>\n<h1 style=\"text-align: center;\">Internet of Things<\/h1>\n<\/div><\/div><div class=\"w-separator size_custom\" style=\"height:32px\"><\/div><div class=\"wpb_text_column\"><div class=\"wpb_wrapper\"><p>Digitalization is a topic everyone is talking about. The network of machines and everyday appliances and objects (e.g. clothes, household appliances, parking spots, furniture) which are able to digitally communicate with each other is rapidly growing, both in numbers as well as density and enables new, innovative business models. Among them are ideas like pay-per-use office furniture or clothes, bespoke drugs or therapies, autonomous cars and self-optimizing, learning industry machinery and robots. In many cases, the innovation is based on analysis and refinement of large collections of data (&#8220;Big Data&#8221;) which has been gathered by the respective company. Such databases often also encompass personal data, quite frequently without an actual need which would justify their storage. Under the new data protection regime, in particular the principle of data minimisation, this is allowed only under very specific circumstances. Further, suitable data protection measures have to be considered already in the conception phase (&#8220;<a href=\"https:\/\/swissdataprotectionlaw.ch\/en\/besondere-themen\/privacy-by-design-privacy-by-default\/\" target=\"_blank\" rel=\"noopener\">Privacy by Design<\/a>&#8220;). Every innovative business model considered when exploring the possibilities of the digitalization, industry 4.0 or similar, should therefore be critically analyzed regarding its compliance with data protection requirements.<\/p>\n<\/div><\/div><div class=\"w-separator size_custom\" style=\"height:32px\"><\/div><\/div><\/div><\/div><\/div><\/section>\n","protected":false},"excerpt":{"rendered":"{:de}Digitalisierung Industrie 4.0 Internet of Things Die Digitalisierung ist derzeit in aller Munde. Die immer dichtere Vernetzung von Maschinen wie auch allt\u00e4glichen Gegenst\u00e4nden und Objekten wie Kleider, Haushaltsger\u00e4te, Parkpl\u00e4tze, M\u00f6bel und \u00e4hnlichem erm\u00f6glicht neue, innovative Gesch\u00e4ftsmodelle. Darunter finden sich Konzepte wie Pay-Per-Use von B\u00fcroeinrichtungen oder Kleidern, massgeschneiderte Medikamente und Therapien, autonom agierende Autos und selbstoptimierende,...","protected":false},"author":1,"featured_media":0,"parent":7142,"menu_order":0,"comment_status":"closed","ping_status":"closed","template":"","meta":[],"translation":{"provider":"WPGlobus","version":"2.12.2","language":"en","enabled_languages":["de","en"],"languages":{"de":{"title":true,"content":true,"excerpt":false},"en":{"title":true,"content":true,"excerpt":false}}},"yoast_head":"<!-- This site is optimized with the Yoast SEO plugin v20.12 - https:\/\/yoast.com\/wordpress\/plugins\/seo\/ -->\n<title>Digitalization \/ Industrie 4.0 \/ Internet of Things - Swissdataprotectionlaw<\/title>\n<meta name=\"robots\" content=\"index, follow, max-snippet:-1, max-image-preview:large, max-video-preview:-1\" \/>\n<link rel=\"canonical\" href=\"https:\/\/swissdataprotectionlaw.ch\/besondere-themen\/digitalisierung-industrie-4-0-internet-of-things\/\" \/>\n<meta property=\"og:locale\" content=\"en_US\" \/>\n<meta property=\"og:type\" content=\"article\" \/>\n<meta property=\"og:title\" content=\"Digitalization \/ Industrie 4.0 \/ Internet of Things - Swissdataprotectionlaw\" \/>\n<meta property=\"og:url\" content=\"https:\/\/swissdataprotectionlaw.ch\/besondere-themen\/digitalisierung-industrie-4-0-internet-of-things\/\" \/>\n<meta property=\"og:site_name\" content=\"Swissdataprotectionlaw\" \/>\n<meta property=\"article:modified_time\" content=\"2023-08-03T09:00:46+00:00\" \/>\n<meta property=\"og:image\" content=\"https:\/\/swissdataprotectionlaw.ch\/wp-content\/uploads\/2021\/06\/Dataprotectionlaw1.png\" \/>\n\t<meta property=\"og:image:width\" content=\"2746\" \/>\n\t<meta property=\"og:image:height\" content=\"2746\" \/>\n\t<meta property=\"og:image:type\" content=\"image\/png\" \/>\n<meta name=\"twitter:card\" content=\"summary_large_image\" \/>\n<meta name=\"twitter:label1\" content=\"Est. reading time\" \/>\n\t<meta name=\"twitter:data1\" content=\"2 minutes\" \/>\n<script type=\"application\/ld+json\" class=\"yoast-schema-graph\">{\"@context\":\"https:\/\/schema.org\",\"@graph\":[{\"@type\":\"WebPage\",\"@id\":\"https:\/\/swissdataprotectionlaw.ch\/besondere-themen\/digitalisierung-industrie-4-0-internet-of-things\/\",\"url\":\"https:\/\/swissdataprotectionlaw.ch\/besondere-themen\/digitalisierung-industrie-4-0-internet-of-things\/\",\"name\":\"Digitalization \/ Industrie 4.0 \/ Internet of Things - Swissdataprotectionlaw\",\"isPartOf\":{\"@id\":\"https:\/\/swissdataprotectionlaw.ch\/#website\"},\"datePublished\":\"2017-12-07T14:25:56+00:00\",\"dateModified\":\"2023-08-03T09:00:46+00:00\",\"breadcrumb\":{\"@id\":\"https:\/\/swissdataprotectionlaw.ch\/besondere-themen\/digitalisierung-industrie-4-0-internet-of-things\/#breadcrumb\"},\"inLanguage\":\"en-US\",\"potentialAction\":[{\"@type\":\"ReadAction\",\"target\":[\"https:\/\/swissdataprotectionlaw.ch\/besondere-themen\/digitalisierung-industrie-4-0-internet-of-things\/\"]}]},{\"@type\":\"BreadcrumbList\",\"@id\":\"https:\/\/swissdataprotectionlaw.ch\/besondere-themen\/digitalisierung-industrie-4-0-internet-of-things\/#breadcrumb\",\"itemListElement\":[{\"@type\":\"ListItem\",\"position\":1,\"name\":\"Startseite\",\"item\":\"https:\/\/swissdataprotectionlaw.ch\/\"},{\"@type\":\"ListItem\",\"position\":2,\"name\":\"Besondere Themen\",\"item\":\"https:\/\/swissdataprotectionlaw.ch\/besondere-themen\/\"},{\"@type\":\"ListItem\",\"position\":3,\"name\":\"Digitalisierung \/ Industrie 4.0 \/ Internet der Dinge\"}]},{\"@type\":\"WebSite\",\"@id\":\"https:\/\/swissdataprotectionlaw.ch\/#website\",\"url\":\"https:\/\/swissdataprotectionlaw.ch\/\",\"name\":\"Swissdataprotectionlaw\",\"description\":\"\",\"publisher\":{\"@id\":\"https:\/\/swissdataprotectionlaw.ch\/#organization\"},\"potentialAction\":[{\"@type\":\"SearchAction\",\"target\":{\"@type\":\"EntryPoint\",\"urlTemplate\":\"https:\/\/swissdataprotectionlaw.ch\/?s={search_term_string}\"},\"query-input\":\"required name=search_term_string\"}],\"inLanguage\":\"en-US\"},{\"@type\":\"Organization\",\"@id\":\"https:\/\/swissdataprotectionlaw.ch\/#organization\",\"name\":\"Swissdataprotectionlaw\",\"url\":\"https:\/\/swissdataprotectionlaw.ch\/\",\"logo\":{\"@type\":\"ImageObject\",\"inLanguage\":\"en-US\",\"@id\":\"https:\/\/swissdataprotectionlaw.ch\/#\/schema\/logo\/image\/\",\"url\":\"https:\/\/swissdataprotectionlaw.ch\/wp-content\/uploads\/2017\/12\/Dataprotectionlaw.jpg\",\"contentUrl\":\"https:\/\/swissdataprotectionlaw.ch\/wp-content\/uploads\/2017\/12\/Dataprotectionlaw.jpg\",\"width\":336,\"height\":23,\"caption\":\"Swissdataprotectionlaw\"},\"image\":{\"@id\":\"https:\/\/swissdataprotectionlaw.ch\/#\/schema\/logo\/image\/\"}}]}<\/script>\n<!-- \/ Yoast SEO plugin. -->","yoast_head_json":{"title":"Digitalization \/ Industrie 4.0 \/ Internet of Things - Swissdataprotectionlaw","robots":{"index":"index","follow":"follow","max-snippet":"max-snippet:-1","max-image-preview":"max-image-preview:large","max-video-preview":"max-video-preview:-1"},"canonical":"https:\/\/swissdataprotectionlaw.ch\/besondere-themen\/digitalisierung-industrie-4-0-internet-of-things\/","og_locale":"en_US","og_type":"article","og_title":"Digitalization \/ Industrie 4.0 \/ Internet of Things - Swissdataprotectionlaw","og_url":"https:\/\/swissdataprotectionlaw.ch\/besondere-themen\/digitalisierung-industrie-4-0-internet-of-things\/","og_site_name":"Swissdataprotectionlaw","article_modified_time":"2023-08-03T09:00:46+00:00","og_image":[{"width":2746,"height":2746,"url":"https:\/\/swissdataprotectionlaw.ch\/wp-content\/uploads\/2021\/06\/Dataprotectionlaw1.png","type":"image\/png"}],"twitter_card":"summary_large_image","twitter_misc":{"Est. reading time":"2 minutes"},"schema":{"@context":"https:\/\/schema.org","@graph":[{"@type":"WebPage","@id":"https:\/\/swissdataprotectionlaw.ch\/besondere-themen\/digitalisierung-industrie-4-0-internet-of-things\/","url":"https:\/\/swissdataprotectionlaw.ch\/besondere-themen\/digitalisierung-industrie-4-0-internet-of-things\/","name":"Digitalization \/ Industrie 4.0 \/ Internet of Things - Swissdataprotectionlaw","isPartOf":{"@id":"https:\/\/swissdataprotectionlaw.ch\/#website"},"datePublished":"2017-12-07T14:25:56+00:00","dateModified":"2023-08-03T09:00:46+00:00","breadcrumb":{"@id":"https:\/\/swissdataprotectionlaw.ch\/besondere-themen\/digitalisierung-industrie-4-0-internet-of-things\/#breadcrumb"},"inLanguage":"en-US","potentialAction":[{"@type":"ReadAction","target":["https:\/\/swissdataprotectionlaw.ch\/besondere-themen\/digitalisierung-industrie-4-0-internet-of-things\/"]}]},{"@type":"BreadcrumbList","@id":"https:\/\/swissdataprotectionlaw.ch\/besondere-themen\/digitalisierung-industrie-4-0-internet-of-things\/#breadcrumb","itemListElement":[{"@type":"ListItem","position":1,"name":"Startseite","item":"https:\/\/swissdataprotectionlaw.ch\/"},{"@type":"ListItem","position":2,"name":"Besondere Themen","item":"https:\/\/swissdataprotectionlaw.ch\/besondere-themen\/"},{"@type":"ListItem","position":3,"name":"Digitalisierung \/ Industrie 4.0 \/ Internet der Dinge"}]},{"@type":"WebSite","@id":"https:\/\/swissdataprotectionlaw.ch\/#website","url":"https:\/\/swissdataprotectionlaw.ch\/","name":"Swissdataprotectionlaw","description":"","publisher":{"@id":"https:\/\/swissdataprotectionlaw.ch\/#organization"},"potentialAction":[{"@type":"SearchAction","target":{"@type":"EntryPoint","urlTemplate":"https:\/\/swissdataprotectionlaw.ch\/?s={search_term_string}"},"query-input":"required name=search_term_string"}],"inLanguage":"en-US"},{"@type":"Organization","@id":"https:\/\/swissdataprotectionlaw.ch\/#organization","name":"Swissdataprotectionlaw","url":"https:\/\/swissdataprotectionlaw.ch\/","logo":{"@type":"ImageObject","inLanguage":"en-US","@id":"https:\/\/swissdataprotectionlaw.ch\/#\/schema\/logo\/image\/","url":"https:\/\/swissdataprotectionlaw.ch\/wp-content\/uploads\/2017\/12\/Dataprotectionlaw.jpg","contentUrl":"https:\/\/swissdataprotectionlaw.ch\/wp-content\/uploads\/2017\/12\/Dataprotectionlaw.jpg","width":336,"height":23,"caption":"Swissdataprotectionlaw"},"image":{"@id":"https:\/\/swissdataprotectionlaw.ch\/#\/schema\/logo\/image\/"}}]}},"_links":{"self":[{"href":"https:\/\/swissdataprotectionlaw.ch\/en\/wp-json\/wp\/v2\/pages\/7177"}],"collection":[{"href":"https:\/\/swissdataprotectionlaw.ch\/en\/wp-json\/wp\/v2\/pages"}],"about":[{"href":"https:\/\/swissdataprotectionlaw.ch\/en\/wp-json\/wp\/v2\/types\/page"}],"author":[{"embeddable":true,"href":"https:\/\/swissdataprotectionlaw.ch\/en\/wp-json\/wp\/v2\/users\/1"}],"replies":[{"embeddable":true,"href":"https:\/\/swissdataprotectionlaw.ch\/en\/wp-json\/wp\/v2\/comments?post=7177"}],"version-history":[{"count":6,"href":"https:\/\/swissdataprotectionlaw.ch\/en\/wp-json\/wp\/v2\/pages\/7177\/revisions"}],"predecessor-version":[{"id":8268,"href":"https:\/\/swissdataprotectionlaw.ch\/en\/wp-json\/wp\/v2\/pages\/7177\/revisions\/8268"}],"up":[{"embeddable":true,"href":"https:\/\/swissdataprotectionlaw.ch\/en\/wp-json\/wp\/v2\/pages\/7142"}],"wp:attachment":[{"href":"https:\/\/swissdataprotectionlaw.ch\/en\/wp-json\/wp\/v2\/media?parent=7177"}],"curies":[{"name":"wp","href":"https:\/\/api.w.org\/{rel}","templated":true}]}}