{"id":7019,"date":"2013-05-31T11:56:39","date_gmt":"2013-05-31T11:56:39","guid":{"rendered":"http:\/\/impreza.us-themes.net\/pages\/contact\/"},"modified":"2023-08-03T14:00:40","modified_gmt":"2023-08-03T12:00:40","slug":"contact","status":"publish","type":"page","link":"https:\/\/swissdataprotectionlaw.ch\/en\/contact\/","title":{"rendered":"Contact"},"content":{"rendered":"<section class=\"l-section wpb_row height_medium\"><div class=\"l-section-h i-cf\"><div class=\"g-cols vc_row via_grid cols_1 laptops-cols_inherit tablets-cols_inherit mobiles-cols_1 valign_top type_default stacking_default\"><div class=\"wpb_column vc_column_container\"><div class=\"vc_column-inner\"><div class=\"wpb_text_column\"><div class=\"wpb_wrapper\"><h1 style=\"text-align: center;\">Contact<\/h1>\n<\/div><\/div><div class=\"wpb_text_column\"><div class=\"wpb_wrapper\"><p>Technology and digitalization are drivers of the economy and shape our everyday life. Our expertise covers all legal aspects of IT, technology and data protection. We advise clients on the correct handling of personal data in connection with the processing and use of personal data, data transfers abroad, misuse of data and reports to data protection authorities. We check for our clients whether the requirements of data protection law are fulfilled in their company or in certain data processing processes and identify any need for action. You can find a overview of your data protection specific services <a href=\"https:\/\/swissdataprotectionlaw.ch\/en\/unsere-dienstleistungen\/\">here<\/a>.<\/p>\n<p>In addition, we advise and support you in procuring ICT services, draft and negotiate contracts for projects for the development, implementation, licensing and maintenance of software or for long-term outsourcing projects. We are regularly consulted when an IT project is in a state of disarray, in order to analyse the situation from a legal point of view and to find solutions for resolving the conflict.<\/p>\n<\/div><\/div><div class=\"wpb_text_column\"><div class=\"wpb_wrapper\"><p><strong>Probst Partner AG<br \/>\n<\/strong>Bahnhofplatz 18, 8401 Winterthur<br \/>\n<a href=\"mailto:info@probstpartner.ch?subject=\" target=\"_blank\" rel=\"noopener\">info@probstpartner.ch<\/a> \/ <a href=\"http:\/\/www.probstpartner.ch\/\" target=\"_blank\" rel=\"noopener\">www.probstpartner.ch<\/a><\/p>\n<\/div><\/div><\/div><\/div><\/div><\/div><\/section><section class=\"l-section wpb_row height_medium\"><div class=\"l-section-h i-cf\"><div class=\"g-cols vc_row via_grid cols_2 laptops-cols_inherit tablets-cols_inherit mobiles-cols_1 valign_top type_default stacking_default\"><div class=\"wpb_column vc_column_container\"><div class=\"vc_column-inner\"><div class=\"w-iconbox iconpos_left style_outlined color_primary align_left no_text\"><a target=\" _blank\" rel=\"nofollow\" href=\"http:\/\/www.probstpartner.ch\/en\/team\/julia-bhend\" class=\"w-iconbox-link\" aria-label=\"Julia Bhend\"><div class=\"w-iconbox-icon\" style=\"font-size:15px;\"><i class=\"fas fa-user\"><\/i><\/div><\/a><div class=\"w-iconbox-meta\"><a target=\" _blank\" rel=\"nofollow\" href=\"http:\/\/www.probstpartner.ch\/en\/team\/julia-bhend\" class=\"w-iconbox-link\" aria-label=\"Julia Bhend\"><h6 class=\"w-iconbox-title\">Julia Bhend<\/h6><\/a><\/div><\/div><div class=\"w-separator size_small\"><\/div><div class=\"w-iconbox iconpos_left style_outlined color_primary align_left no_text\"><div class=\"w-iconbox-icon\" style=\"font-size:15px;\"><i class=\"fas fa-phone\"><\/i><\/div><div class=\"w-iconbox-meta\"><div class=\"w-iconbox-title\">T +41 52 269 14 00<\/div><\/div><\/div><div class=\"w-separator size_small\"><\/div><div class=\"w-iconbox iconpos_left style_outlined color_primary align_left no_text\"><a href=\"mailto:julia.bhend@probstpartner.ch?subject=&quot;Dataprotectionlaw.ch&quot;\" class=\"w-iconbox-link\" aria-label=\"julia.bhend\u00ad@probstpartner.ch\"><div class=\"w-iconbox-icon\" style=\"font-size:15px;\"><i class=\"fas fa-envelope\"><\/i><\/div><\/a><div class=\"w-iconbox-meta\"><a href=\"mailto:julia.bhend@probstpartner.ch?subject=&quot;Dataprotectionlaw.ch&quot;\" class=\"w-iconbox-link\" aria-label=\"julia.bhend\u00ad@probstpartner.ch\"><div class=\"w-iconbox-title\">julia.bhend\u00ad@probstpartner.ch<\/div><\/a><\/div><\/div><\/div><\/div><div class=\"wpb_column vc_column_container\"><div class=\"vc_column-inner\"><div class=\"w-iconbox iconpos_left style_outlined color_primary align_left no_text\"><a target=\" _blank\" rel=\"nofollow\" href=\"http:\/\/www.probstpartner.ch\/en\/team\/kaj-seidl-nussbaumer\" class=\"w-iconbox-link\" aria-label=\"Kaj Seidl-Nussbaumer\"><div class=\"w-iconbox-icon\" style=\"font-size:15px;\"><i class=\"fas fa-user\"><\/i><\/div><\/a><div class=\"w-iconbox-meta\"><a target=\" _blank\" rel=\"nofollow\" href=\"http:\/\/www.probstpartner.ch\/en\/team\/kaj-seidl-nussbaumer\" class=\"w-iconbox-link\" aria-label=\"Kaj Seidl-Nussbaumer\"><h6 class=\"w-iconbox-title\">Kaj Seidl-Nussbaumer<\/h6><\/a><\/div><\/div><div class=\"w-separator size_small\"><\/div><div class=\"w-iconbox iconpos_left style_outlined color_primary align_left no_text\"><div class=\"w-iconbox-icon\" style=\"font-size:15px;\"><i class=\"fas fa-phone\"><\/i><\/div><div class=\"w-iconbox-meta\"><div class=\"w-iconbox-title\">T +41 52 269 14 00<\/div><\/div><\/div><div class=\"w-separator size_small\"><\/div><div class=\"w-iconbox iconpos_left style_outlined color_primary align_left no_text\"><a href=\"mailto:kaj.seidl-nussbaumer@probstpartner.ch?subject=&quot;Dataprotectionlaw.ch&quot;\" class=\"w-iconbox-link\" aria-label=\"kaj.seidl-nussbaumer\u00ad@probstpartner.ch\"><div class=\"w-iconbox-icon\" style=\"font-size:15px;\"><i class=\"fas fa-envelope\"><\/i><\/div><\/a><div class=\"w-iconbox-meta\"><a href=\"mailto:kaj.seidl-nussbaumer@probstpartner.ch?subject=&quot;Dataprotectionlaw.ch&quot;\" class=\"w-iconbox-link\" aria-label=\"kaj.seidl-nussbaumer\u00ad@probstpartner.ch\"><div class=\"w-iconbox-title\">kaj.seidl-nussbaumer\u00ad@probstpartner.ch<\/div><\/a><\/div><\/div><\/div><\/div><\/div><\/div><\/section><section class=\"l-section wpb_row height_medium\"><div class=\"l-section-h i-cf\"><div class=\"g-cols vc_row via_grid cols_2 laptops-cols_inherit tablets-cols_inherit mobiles-cols_1 valign_top type_default stacking_default\"><div class=\"wpb_column vc_column_container\"><div class=\"vc_column-inner\"><div class=\"w-iconbox iconpos_left style_outlined color_primary align_left no_text\"><a target=\" _blank\" rel=\"nofollow\" href=\"http:\/\/www.probstpartner.ch\/en\/team\/michael-widmer\" class=\"w-iconbox-link\" aria-label=\"Michael Widmer\"><div class=\"w-iconbox-icon\" style=\"font-size:15px;\"><i class=\"fas fa-user\"><\/i><\/div><\/a><div class=\"w-iconbox-meta\"><a target=\" _blank\" rel=\"nofollow\" href=\"http:\/\/www.probstpartner.ch\/en\/team\/michael-widmer\" class=\"w-iconbox-link\" aria-label=\"Michael Widmer\"><h6 class=\"w-iconbox-title\">Michael Widmer<\/h6><\/a><\/div><\/div><div class=\"w-separator size_small\"><\/div><div class=\"w-iconbox iconpos_left style_outlined color_primary align_left no_text\"><div class=\"w-iconbox-icon\" style=\"font-size:15px;\"><i class=\"fas fa-phone\"><\/i><\/div><div class=\"w-iconbox-meta\"><div class=\"w-iconbox-title\">T +41 52 269 14 00<\/div><\/div><\/div><div class=\"w-separator size_small\"><\/div><div class=\"w-iconbox iconpos_left style_outlined color_primary align_left no_text\"><a href=\"mailto:michael.widmer@probstpartner.ch?subject=&quot;Dataprotectionlaw.ch&quot;\" class=\"w-iconbox-link\" aria-label=\"michael.widmer@probstpartner.ch\"><div class=\"w-iconbox-icon\" style=\"font-size:15px;\"><i class=\"fas fa-envelope\"><\/i><\/div><\/a><div class=\"w-iconbox-meta\"><a href=\"mailto:michael.widmer@probstpartner.ch?subject=&quot;Dataprotectionlaw.ch&quot;\" class=\"w-iconbox-link\" aria-label=\"michael.widmer@probstpartner.ch\"><div class=\"w-iconbox-title\">michael.widmer@probstpartner.ch<\/div><\/a><\/div><\/div><\/div><\/div><div class=\"wpb_column vc_column_container\"><div class=\"vc_column-inner\"><div class=\"w-iconbox iconpos_left style_outlined color_primary align_left no_text\"><a target=\" _blank\" rel=\"nofollow\" href=\"http:\/\/www.probstpartner.ch\/en\/team\/claudia-marti\" class=\"w-iconbox-link\" aria-label=\"Claudia Marti\"><div class=\"w-iconbox-icon\" style=\"font-size:15px;\"><i class=\"fas fa-user\"><\/i><\/div><\/a><div class=\"w-iconbox-meta\"><a target=\" _blank\" rel=\"nofollow\" href=\"http:\/\/www.probstpartner.ch\/en\/team\/claudia-marti\" class=\"w-iconbox-link\" aria-label=\"Claudia Marti\"><h6 class=\"w-iconbox-title\">Claudia Marti<\/h6><\/a><\/div><\/div><div class=\"w-separator size_small\"><\/div><div class=\"w-iconbox iconpos_left style_outlined color_primary align_left no_text\"><div class=\"w-iconbox-icon\" style=\"font-size:15px;\"><i class=\"fas fa-phone\"><\/i><\/div><div class=\"w-iconbox-meta\"><div class=\"w-iconbox-title\">T +41 52 269 14 00<\/div><\/div><\/div><div class=\"w-separator size_small\"><\/div><div class=\"w-iconbox iconpos_left style_outlined color_primary align_left no_text\"><a href=\"mailto:claudia.marti@probstpartner.ch?subject=&quot;Dataprotectionlaw.ch&quot;\" class=\"w-iconbox-link\" aria-label=\"claudia.marti@probstpartner.ch\"><div class=\"w-iconbox-icon\" style=\"font-size:15px;\"><i class=\"fas fa-envelope\"><\/i><\/div><\/a><div class=\"w-iconbox-meta\"><a href=\"mailto:claudia.marti@probstpartner.ch?subject=&quot;Dataprotectionlaw.ch&quot;\" class=\"w-iconbox-link\" aria-label=\"claudia.marti@probstpartner.ch\"><div class=\"w-iconbox-title\">claudia.marti@probstpartner.ch<\/div><\/a><\/div><\/div><\/div><\/div><\/div><\/div><\/section>\n","protected":false},"excerpt":{"rendered":"{:de}Kontakt Technologie und Digitalisierung sind die Treiber der Wirtschaft und pr\u00e4gen unseren Alltag. Unsere Expertise umfasst s\u00e4mtliche rechtlichen Aspekte im IT-, Technologie- und Datenschutzbereich. Wir beraten Klienten im Zusammenhang mit dem korrekten Umgang bei der Bearbeitung und Nutzung von Personendaten, bei Daten\u00fcbermittlungen ins Ausland, bei Missbrauch von Daten und bei Meldungen an Datenschutzbeh\u00f6rden. Wir pr\u00fcfen...","protected":false},"author":1,"featured_media":0,"parent":0,"menu_order":0,"comment_status":"closed","ping_status":"closed","template":"","meta":[],"translation":{"provider":"WPGlobus","version":"2.12.2","language":"en","enabled_languages":["de","en"],"languages":{"de":{"title":true,"content":true,"excerpt":false},"en":{"title":true,"content":true,"excerpt":false}}},"yoast_head":"<!-- This site is optimized with the Yoast SEO plugin v20.12 - https:\/\/yoast.com\/wordpress\/plugins\/seo\/ -->\n<title>Contact - Swissdataprotectionlaw<\/title>\n<meta name=\"robots\" content=\"index, follow, max-snippet:-1, max-image-preview:large, max-video-preview:-1\" \/>\n<link rel=\"canonical\" href=\"https:\/\/swissdataprotectionlaw.ch\/contact\/\" \/>\n<meta property=\"og:locale\" content=\"en_US\" \/>\n<meta property=\"og:type\" content=\"article\" \/>\n<meta property=\"og:title\" content=\"Contact - Swissdataprotectionlaw\" \/>\n<meta property=\"og:url\" content=\"https:\/\/swissdataprotectionlaw.ch\/contact\/\" \/>\n<meta property=\"og:site_name\" content=\"Swissdataprotectionlaw\" \/>\n<meta property=\"article:modified_time\" content=\"2023-08-03T12:00:40+00:00\" \/>\n<meta property=\"og:image\" content=\"https:\/\/swissdataprotectionlaw.ch\/wp-content\/uploads\/2021\/06\/Dataprotectionlaw1.png\" \/>\n\t<meta property=\"og:image:width\" content=\"2746\" \/>\n\t<meta property=\"og:image:height\" content=\"2746\" \/>\n\t<meta property=\"og:image:type\" content=\"image\/png\" \/>\n<meta name=\"twitter:card\" content=\"summary_large_image\" \/>\n<meta name=\"twitter:label1\" content=\"Est. reading time\" \/>\n\t<meta name=\"twitter:data1\" content=\"2 minutes\" \/>\n<script type=\"application\/ld+json\" class=\"yoast-schema-graph\">{\"@context\":\"https:\/\/schema.org\",\"@graph\":[{\"@type\":\"WebPage\",\"@id\":\"https:\/\/swissdataprotectionlaw.ch\/contact\/\",\"url\":\"https:\/\/swissdataprotectionlaw.ch\/contact\/\",\"name\":\"Contact - Swissdataprotectionlaw\",\"isPartOf\":{\"@id\":\"https:\/\/swissdataprotectionlaw.ch\/#website\"},\"datePublished\":\"2013-05-31T11:56:39+00:00\",\"dateModified\":\"2023-08-03T12:00:40+00:00\",\"breadcrumb\":{\"@id\":\"https:\/\/swissdataprotectionlaw.ch\/contact\/#breadcrumb\"},\"inLanguage\":\"en-US\",\"potentialAction\":[{\"@type\":\"ReadAction\",\"target\":[\"https:\/\/swissdataprotectionlaw.ch\/contact\/\"]}]},{\"@type\":\"BreadcrumbList\",\"@id\":\"https:\/\/swissdataprotectionlaw.ch\/contact\/#breadcrumb\",\"itemListElement\":[{\"@type\":\"ListItem\",\"position\":1,\"name\":\"Startseite\",\"item\":\"https:\/\/swissdataprotectionlaw.ch\/\"},{\"@type\":\"ListItem\",\"position\":2,\"name\":\"Kontakt\"}]},{\"@type\":\"WebSite\",\"@id\":\"https:\/\/swissdataprotectionlaw.ch\/#website\",\"url\":\"https:\/\/swissdataprotectionlaw.ch\/\",\"name\":\"Swissdataprotectionlaw\",\"description\":\"\",\"publisher\":{\"@id\":\"https:\/\/swissdataprotectionlaw.ch\/#organization\"},\"potentialAction\":[{\"@type\":\"SearchAction\",\"target\":{\"@type\":\"EntryPoint\",\"urlTemplate\":\"https:\/\/swissdataprotectionlaw.ch\/?s={search_term_string}\"},\"query-input\":\"required name=search_term_string\"}],\"inLanguage\":\"en-US\"},{\"@type\":\"Organization\",\"@id\":\"https:\/\/swissdataprotectionlaw.ch\/#organization\",\"name\":\"Swissdataprotectionlaw\",\"url\":\"https:\/\/swissdataprotectionlaw.ch\/\",\"logo\":{\"@type\":\"ImageObject\",\"inLanguage\":\"en-US\",\"@id\":\"https:\/\/swissdataprotectionlaw.ch\/#\/schema\/logo\/image\/\",\"url\":\"https:\/\/swissdataprotectionlaw.ch\/wp-content\/uploads\/2017\/12\/Dataprotectionlaw.jpg\",\"contentUrl\":\"https:\/\/swissdataprotectionlaw.ch\/wp-content\/uploads\/2017\/12\/Dataprotectionlaw.jpg\",\"width\":336,\"height\":23,\"caption\":\"Swissdataprotectionlaw\"},\"image\":{\"@id\":\"https:\/\/swissdataprotectionlaw.ch\/#\/schema\/logo\/image\/\"}}]}<\/script>\n<!-- \/ Yoast SEO plugin. -->","yoast_head_json":{"title":"Contact - Swissdataprotectionlaw","robots":{"index":"index","follow":"follow","max-snippet":"max-snippet:-1","max-image-preview":"max-image-preview:large","max-video-preview":"max-video-preview:-1"},"canonical":"https:\/\/swissdataprotectionlaw.ch\/contact\/","og_locale":"en_US","og_type":"article","og_title":"Contact - Swissdataprotectionlaw","og_url":"https:\/\/swissdataprotectionlaw.ch\/contact\/","og_site_name":"Swissdataprotectionlaw","article_modified_time":"2023-08-03T12:00:40+00:00","og_image":[{"width":2746,"height":2746,"url":"https:\/\/swissdataprotectionlaw.ch\/wp-content\/uploads\/2021\/06\/Dataprotectionlaw1.png","type":"image\/png"}],"twitter_card":"summary_large_image","twitter_misc":{"Est. reading time":"2 minutes"},"schema":{"@context":"https:\/\/schema.org","@graph":[{"@type":"WebPage","@id":"https:\/\/swissdataprotectionlaw.ch\/contact\/","url":"https:\/\/swissdataprotectionlaw.ch\/contact\/","name":"Contact - Swissdataprotectionlaw","isPartOf":{"@id":"https:\/\/swissdataprotectionlaw.ch\/#website"},"datePublished":"2013-05-31T11:56:39+00:00","dateModified":"2023-08-03T12:00:40+00:00","breadcrumb":{"@id":"https:\/\/swissdataprotectionlaw.ch\/contact\/#breadcrumb"},"inLanguage":"en-US","potentialAction":[{"@type":"ReadAction","target":["https:\/\/swissdataprotectionlaw.ch\/contact\/"]}]},{"@type":"BreadcrumbList","@id":"https:\/\/swissdataprotectionlaw.ch\/contact\/#breadcrumb","itemListElement":[{"@type":"ListItem","position":1,"name":"Startseite","item":"https:\/\/swissdataprotectionlaw.ch\/"},{"@type":"ListItem","position":2,"name":"Kontakt"}]},{"@type":"WebSite","@id":"https:\/\/swissdataprotectionlaw.ch\/#website","url":"https:\/\/swissdataprotectionlaw.ch\/","name":"Swissdataprotectionlaw","description":"","publisher":{"@id":"https:\/\/swissdataprotectionlaw.ch\/#organization"},"potentialAction":[{"@type":"SearchAction","target":{"@type":"EntryPoint","urlTemplate":"https:\/\/swissdataprotectionlaw.ch\/?s={search_term_string}"},"query-input":"required name=search_term_string"}],"inLanguage":"en-US"},{"@type":"Organization","@id":"https:\/\/swissdataprotectionlaw.ch\/#organization","name":"Swissdataprotectionlaw","url":"https:\/\/swissdataprotectionlaw.ch\/","logo":{"@type":"ImageObject","inLanguage":"en-US","@id":"https:\/\/swissdataprotectionlaw.ch\/#\/schema\/logo\/image\/","url":"https:\/\/swissdataprotectionlaw.ch\/wp-content\/uploads\/2017\/12\/Dataprotectionlaw.jpg","contentUrl":"https:\/\/swissdataprotectionlaw.ch\/wp-content\/uploads\/2017\/12\/Dataprotectionlaw.jpg","width":336,"height":23,"caption":"Swissdataprotectionlaw"},"image":{"@id":"https:\/\/swissdataprotectionlaw.ch\/#\/schema\/logo\/image\/"}}]}},"_links":{"self":[{"href":"https:\/\/swissdataprotectionlaw.ch\/en\/wp-json\/wp\/v2\/pages\/7019"}],"collection":[{"href":"https:\/\/swissdataprotectionlaw.ch\/en\/wp-json\/wp\/v2\/pages"}],"about":[{"href":"https:\/\/swissdataprotectionlaw.ch\/en\/wp-json\/wp\/v2\/types\/page"}],"author":[{"embeddable":true,"href":"https:\/\/swissdataprotectionlaw.ch\/en\/wp-json\/wp\/v2\/users\/1"}],"replies":[{"embeddable":true,"href":"https:\/\/swissdataprotectionlaw.ch\/en\/wp-json\/wp\/v2\/comments?post=7019"}],"version-history":[{"count":89,"href":"https:\/\/swissdataprotectionlaw.ch\/en\/wp-json\/wp\/v2\/pages\/7019\/revisions"}],"predecessor-version":[{"id":8151,"href":"https:\/\/swissdataprotectionlaw.ch\/en\/wp-json\/wp\/v2\/pages\/7019\/revisions\/8151"}],"wp:attachment":[{"href":"https:\/\/swissdataprotectionlaw.ch\/en\/wp-json\/wp\/v2\/media?parent=7019"}],"curies":[{"name":"wp","href":"https:\/\/api.w.org\/{rel}","templated":true}]}}