{"id":4835,"date":"2016-01-19T10:13:52","date_gmt":"2016-01-19T10:13:52","guid":{"rendered":"http:\/\/impreza5.us-themes.com\/?page_id=4835"},"modified":"2023-08-03T11:39:45","modified_gmt":"2023-08-03T09:39:45","slug":"blog","status":"publish","type":"page","link":"https:\/\/swissdataprotectionlaw.ch\/en\/blog\/","title":{"rendered":"Blog"},"content":{"rendered":"<section class=\"l-section wpb_row height_medium\"><div class=\"l-section-h i-cf\"><div class=\"g-cols vc_row via_grid cols_1 laptops-cols_inherit tablets-cols_inherit mobiles-cols_1 valign_top type_default stacking_default\"><div class=\"wpb_column vc_column_container\"><div class=\"vc_column-inner\"><div class=\"wpb_text_column\"><div class=\"wpb_wrapper\"><h1 style=\"text-align: center;\">Blog<\/h1>\n<\/div><\/div><div class=\"w-grid type_grid layout_8252\" id=\"us_grid_1\" style=\"--gap:1.5rem;\" data-filterable=\"true\"><style>.layout_8252 .w-grid-item-h{border-radius:0.3rem;box-shadow:0 0rem 0rem rgba(0,0,0,0.1),0 0rem 0rem rgba(0,0,0,0.1);transition-duration:0.3s}.no-touch .layout_8252 .w-grid-item-h:hover{box-shadow:0 0.2rem 0.4rem rgba(0,0,0,0.1),0 0.67rem 2rem rgba(0,0,0,0.15);z-index:4}.layout_8252 .usg_vwrapper_1{transition-duration:0.3s;transform-origin:50% 50%;transform:scale(1) translate(0%,0%)}.layout_8252 .w-grid-item-h:hover .usg_vwrapper_1{transform:scale(1) translate(0%,0%);opacity:1;border-color:transparent!important}.layout_8252 .usg_vwrapper_1{border-radius:0.3rem!important;padding:10%!important;border:1px solid var(--color-content-border)!important}.layout_8252 .usg_post_title_1{font-size:1.2rem!important;font-weight:700!important}.layout_8252 .usg_post_taxonomy_1{font-size:12px!important;font-weight:700!important;text-transform:uppercase!important}.layout_8252 .usg_post_date_1{font-size:14px!important}<\/style><div class=\"w-grid-list\">\t<article class=\"w-grid-item post-8348 post type-post status-publish format-standard hentry category-allgemein tag-ndsg-revdsg-checkliste-compliance-schweiz-datenrecht\" data-id=\"8348\">\r\n\t\t<div class=\"w-grid-item-h\">\r\n\t\t\t\t\t\t<div class=\"w-vwrapper usg_vwrapper_1 align_none valign_top\" style=\"--vwrapper-gap:0.5rem\"><div class=\"w-post-elm post_taxonomy usg_post_taxonomy_1 style_simple\"><a class=\"term-1 term-allgemein\" href=\"https:\/\/swissdataprotectionlaw.ch\/en\/category\/allgemein\/\">General<\/a><\/div><h2 class=\"w-post-elm post_title usg_post_title_1 entry-title color_link_inherit\"><a href=\"https:\/\/swissdataprotectionlaw.ch\/en\/compliance-checkliste-neues-datenschutzgesetz\/\">Compliance Checkliste neues Datenschutzgesetz Schweiz<\/a><\/h2><time class=\"w-post-elm post_date usg_post_date_1 entry-date published\" datetime=\"2023-09-01T00:15:17+02:00\">1. September 2023<\/time><\/div>\t\t<\/div>\r\n\t<\/article>\r\n\t<article class=\"w-grid-item post-8227 post type-post status-publish format-standard hentry category-allgemein\" data-id=\"8227\">\r\n\t\t<div class=\"w-grid-item-h\">\r\n\t\t\t\t\t\t<div class=\"w-vwrapper usg_vwrapper_1 align_none valign_top\" style=\"--vwrapper-gap:0.5rem\"><div class=\"w-post-elm post_taxonomy usg_post_taxonomy_1 style_simple\"><a class=\"term-1 term-allgemein\" href=\"https:\/\/swissdataprotectionlaw.ch\/en\/category\/allgemein\/\">General<\/a><\/div><h2 class=\"w-post-elm post_title usg_post_title_1 entry-title color_link_inherit\"><a href=\"https:\/\/swissdataprotectionlaw.ch\/en\/datenschutzworkshops-von-probst-partner-ag\/\">Datenschutzworkshop f\u00fcr KMU Herbst 23 &#8211; von Ihren Datenschutzexperten von Probst Partner AG<\/a><\/h2><time class=\"w-post-elm post_date usg_post_date_1 entry-date published\" datetime=\"2023-05-18T23:20:33+02:00\">18. May 2023<\/time><\/div>\t\t<\/div>\r\n\t<\/article>\r\n<\/div><div class=\"w-grid-preloader\"><div class=\"g-preloader type_1\">\r\n\t<div><\/div>\r\n<\/div>\r\n<\/div>\t\t<div class=\"g-loadmore \">\r\n\t\t\t<div class=\"g-preloader type_1\">\r\n\t\t\t\t<div><\/div>\r\n\t\t\t<\/div>\r\n\t\t\t<button class=\"w-btn us-btn-style_1\">\r\n\t\t\t\t<span class=\"w-btn-label\">Load More<\/span>\r\n\t\t\t<\/button>\r\n\t\t<\/div>\r\n\t\t\t<div class=\"w-grid-json hidden\" onclick='return {&quot;action&quot;:&quot;us_ajax_grid&quot;,&quot;ajax_url&quot;:&quot;https:\\\/\\\/swissdataprotectionlaw.ch\\\/wp-admin\\\/admin-ajax.php&quot;,&quot;infinite_scroll&quot;:true,&quot;max_num_pages&quot;:17,&quot;pagination&quot;:&quot;ajax&quot;,&quot;permalink_url&quot;:&quot;https:\\\/\\\/swissdataprotectionlaw.ch\\\/en\\\/wp-json\\\/wp\\\/v2\\\/pages\\\/4835&quot;,&quot;template_vars&quot;:{&quot;columns&quot;:&quot;1&quot;,&quot;exclude_items&quot;:&quot;none&quot;,&quot;img_size&quot;:&quot;default&quot;,&quot;ignore_items_size&quot;:0,&quot;items_layout&quot;:&quot;8252&quot;,&quot;items_offset&quot;:&quot;1&quot;,&quot;load_animation&quot;:&quot;none&quot;,&quot;overriding_link&quot;:&quot;{\\&quot;url\\&quot;:\\&quot;\\&quot;}&quot;,&quot;post_id&quot;:0,&quot;query_args&quot;:{&quot;post_type&quot;:[&quot;post&quot;],&quot;post_status&quot;:[&quot;publish&quot;],&quot;posts_per_page&quot;:&quot;2&quot;},&quot;orderby_query_args&quot;:{&quot;orderby&quot;:{&quot;date&quot;:&quot;DESC&quot;}},&quot;type&quot;:&quot;grid&quot;,&quot;us_grid_ajax_index&quot;:1,&quot;us_grid_filter_params&quot;:null,&quot;us_grid_index&quot;:1,&quot;_us_grid_post_type&quot;:&quot;post&quot;,&quot;page_args&quot;:[]}}'><\/div>\r\n\t<\/div><\/div><\/div><\/div><\/div><\/section>\n","protected":false},"excerpt":{"rendered":"Das neue Schweizer Datenschutzrecht ist am 1. September 2023 in Kraft getreten. Es ist h\u00f6chste Zeit, die n\u00f6tigen Schritte zu ergreifen, um den h\u00f6heren Anforderungen zu gen\u00fcgen und unn\u00f6tige Risiken und Kosten zu vermeiden. Wir bieten f\u00fcr KMUs Workshops an, in denen unser erfahrenes Datenschutzteam Ihnen hilft, die n\u00f6tigen Dokumente zu erstellen und Massnahmen zu...","protected":false},"author":1,"featured_media":0,"parent":0,"menu_order":0,"comment_status":"closed","ping_status":"closed","template":"","meta":[],"translation":{"provider":"WPGlobus","version":"2.12.2","language":"en","enabled_languages":["de","en"],"languages":{"de":{"title":true,"content":true,"excerpt":false},"en":{"title":false,"content":true,"excerpt":false}}},"yoast_head":"<!-- This site is optimized with the Yoast SEO plugin v20.12 - https:\/\/yoast.com\/wordpress\/plugins\/seo\/ -->\n<title>Blog - Swissdataprotectionlaw<\/title>\n<meta name=\"robots\" content=\"index, follow, max-snippet:-1, max-image-preview:large, max-video-preview:-1\" \/>\n<link rel=\"canonical\" href=\"https:\/\/swissdataprotectionlaw.ch\/blog\/\" \/>\n<meta property=\"og:locale\" content=\"en_US\" \/>\n<meta property=\"og:type\" content=\"article\" \/>\n<meta property=\"og:title\" content=\"Blog - Swissdataprotectionlaw\" \/>\n<meta property=\"og:url\" content=\"https:\/\/swissdataprotectionlaw.ch\/blog\/\" \/>\n<meta property=\"og:site_name\" content=\"Swissdataprotectionlaw\" \/>\n<meta property=\"article:modified_time\" content=\"2023-08-03T09:39:45+00:00\" \/>\n<meta property=\"og:image\" content=\"https:\/\/swissdataprotectionlaw.ch\/wp-content\/uploads\/2021\/06\/Dataprotectionlaw1.png\" \/>\n\t<meta property=\"og:image:width\" content=\"2746\" \/>\n\t<meta property=\"og:image:height\" content=\"2746\" \/>\n\t<meta property=\"og:image:type\" content=\"image\/png\" \/>\n<meta name=\"twitter:card\" content=\"summary_large_image\" \/>\n<meta name=\"twitter:label1\" content=\"Est. reading time\" \/>\n\t<meta name=\"twitter:data1\" content=\"1 minute\" \/>\n<script type=\"application\/ld+json\" class=\"yoast-schema-graph\">{\"@context\":\"https:\/\/schema.org\",\"@graph\":[{\"@type\":\"WebPage\",\"@id\":\"https:\/\/swissdataprotectionlaw.ch\/blog\/\",\"url\":\"https:\/\/swissdataprotectionlaw.ch\/blog\/\",\"name\":\"Blog - Swissdataprotectionlaw\",\"isPartOf\":{\"@id\":\"https:\/\/swissdataprotectionlaw.ch\/#website\"},\"datePublished\":\"2016-01-19T10:13:52+00:00\",\"dateModified\":\"2023-08-03T09:39:45+00:00\",\"breadcrumb\":{\"@id\":\"https:\/\/swissdataprotectionlaw.ch\/blog\/#breadcrumb\"},\"inLanguage\":\"en-US\",\"potentialAction\":[{\"@type\":\"ReadAction\",\"target\":[\"https:\/\/swissdataprotectionlaw.ch\/blog\/\"]}]},{\"@type\":\"BreadcrumbList\",\"@id\":\"https:\/\/swissdataprotectionlaw.ch\/blog\/#breadcrumb\",\"itemListElement\":[{\"@type\":\"ListItem\",\"position\":1,\"name\":\"Startseite\",\"item\":\"https:\/\/swissdataprotectionlaw.ch\/\"},{\"@type\":\"ListItem\",\"position\":2,\"name\":\"Blog\"}]},{\"@type\":\"WebSite\",\"@id\":\"https:\/\/swissdataprotectionlaw.ch\/#website\",\"url\":\"https:\/\/swissdataprotectionlaw.ch\/\",\"name\":\"Swissdataprotectionlaw\",\"description\":\"\",\"publisher\":{\"@id\":\"https:\/\/swissdataprotectionlaw.ch\/#organization\"},\"potentialAction\":[{\"@type\":\"SearchAction\",\"target\":{\"@type\":\"EntryPoint\",\"urlTemplate\":\"https:\/\/swissdataprotectionlaw.ch\/?s={search_term_string}\"},\"query-input\":\"required name=search_term_string\"}],\"inLanguage\":\"en-US\"},{\"@type\":\"Organization\",\"@id\":\"https:\/\/swissdataprotectionlaw.ch\/#organization\",\"name\":\"Swissdataprotectionlaw\",\"url\":\"https:\/\/swissdataprotectionlaw.ch\/\",\"logo\":{\"@type\":\"ImageObject\",\"inLanguage\":\"en-US\",\"@id\":\"https:\/\/swissdataprotectionlaw.ch\/#\/schema\/logo\/image\/\",\"url\":\"https:\/\/swissdataprotectionlaw.ch\/wp-content\/uploads\/2017\/12\/Dataprotectionlaw.jpg\",\"contentUrl\":\"https:\/\/swissdataprotectionlaw.ch\/wp-content\/uploads\/2017\/12\/Dataprotectionlaw.jpg\",\"width\":336,\"height\":23,\"caption\":\"Swissdataprotectionlaw\"},\"image\":{\"@id\":\"https:\/\/swissdataprotectionlaw.ch\/#\/schema\/logo\/image\/\"}}]}<\/script>\n<!-- \/ Yoast SEO plugin. -->","yoast_head_json":{"title":"Blog - Swissdataprotectionlaw","robots":{"index":"index","follow":"follow","max-snippet":"max-snippet:-1","max-image-preview":"max-image-preview:large","max-video-preview":"max-video-preview:-1"},"canonical":"https:\/\/swissdataprotectionlaw.ch\/blog\/","og_locale":"en_US","og_type":"article","og_title":"Blog - Swissdataprotectionlaw","og_url":"https:\/\/swissdataprotectionlaw.ch\/blog\/","og_site_name":"Swissdataprotectionlaw","article_modified_time":"2023-08-03T09:39:45+00:00","og_image":[{"width":2746,"height":2746,"url":"https:\/\/swissdataprotectionlaw.ch\/wp-content\/uploads\/2021\/06\/Dataprotectionlaw1.png","type":"image\/png"}],"twitter_card":"summary_large_image","twitter_misc":{"Est. reading time":"1 minute"},"schema":{"@context":"https:\/\/schema.org","@graph":[{"@type":"WebPage","@id":"https:\/\/swissdataprotectionlaw.ch\/blog\/","url":"https:\/\/swissdataprotectionlaw.ch\/blog\/","name":"Blog - Swissdataprotectionlaw","isPartOf":{"@id":"https:\/\/swissdataprotectionlaw.ch\/#website"},"datePublished":"2016-01-19T10:13:52+00:00","dateModified":"2023-08-03T09:39:45+00:00","breadcrumb":{"@id":"https:\/\/swissdataprotectionlaw.ch\/blog\/#breadcrumb"},"inLanguage":"en-US","potentialAction":[{"@type":"ReadAction","target":["https:\/\/swissdataprotectionlaw.ch\/blog\/"]}]},{"@type":"BreadcrumbList","@id":"https:\/\/swissdataprotectionlaw.ch\/blog\/#breadcrumb","itemListElement":[{"@type":"ListItem","position":1,"name":"Startseite","item":"https:\/\/swissdataprotectionlaw.ch\/"},{"@type":"ListItem","position":2,"name":"Blog"}]},{"@type":"WebSite","@id":"https:\/\/swissdataprotectionlaw.ch\/#website","url":"https:\/\/swissdataprotectionlaw.ch\/","name":"Swissdataprotectionlaw","description":"","publisher":{"@id":"https:\/\/swissdataprotectionlaw.ch\/#organization"},"potentialAction":[{"@type":"SearchAction","target":{"@type":"EntryPoint","urlTemplate":"https:\/\/swissdataprotectionlaw.ch\/?s={search_term_string}"},"query-input":"required name=search_term_string"}],"inLanguage":"en-US"},{"@type":"Organization","@id":"https:\/\/swissdataprotectionlaw.ch\/#organization","name":"Swissdataprotectionlaw","url":"https:\/\/swissdataprotectionlaw.ch\/","logo":{"@type":"ImageObject","inLanguage":"en-US","@id":"https:\/\/swissdataprotectionlaw.ch\/#\/schema\/logo\/image\/","url":"https:\/\/swissdataprotectionlaw.ch\/wp-content\/uploads\/2017\/12\/Dataprotectionlaw.jpg","contentUrl":"https:\/\/swissdataprotectionlaw.ch\/wp-content\/uploads\/2017\/12\/Dataprotectionlaw.jpg","width":336,"height":23,"caption":"Swissdataprotectionlaw"},"image":{"@id":"https:\/\/swissdataprotectionlaw.ch\/#\/schema\/logo\/image\/"}}]}},"_links":{"self":[{"href":"https:\/\/swissdataprotectionlaw.ch\/en\/wp-json\/wp\/v2\/pages\/4835"}],"collection":[{"href":"https:\/\/swissdataprotectionlaw.ch\/en\/wp-json\/wp\/v2\/pages"}],"about":[{"href":"https:\/\/swissdataprotectionlaw.ch\/en\/wp-json\/wp\/v2\/types\/page"}],"author":[{"embeddable":true,"href":"https:\/\/swissdataprotectionlaw.ch\/en\/wp-json\/wp\/v2\/users\/1"}],"replies":[{"embeddable":true,"href":"https:\/\/swissdataprotectionlaw.ch\/en\/wp-json\/wp\/v2\/comments?post=4835"}],"version-history":[{"count":19,"href":"https:\/\/swissdataprotectionlaw.ch\/en\/wp-json\/wp\/v2\/pages\/4835\/revisions"}],"predecessor-version":[{"id":8289,"href":"https:\/\/swissdataprotectionlaw.ch\/en\/wp-json\/wp\/v2\/pages\/4835\/revisions\/8289"}],"wp:attachment":[{"href":"https:\/\/swissdataprotectionlaw.ch\/en\/wp-json\/wp\/v2\/media?parent=4835"}],"curies":[{"name":"wp","href":"https:\/\/api.w.org\/{rel}","templated":true}]}}